{"id":47,"date":"2009-12-01T17:03:17","date_gmt":"2009-12-01T16:03:17","guid":{"rendered":"http:\/\/www.weldergoven.de\/wordpress\/?page_id=47"},"modified":"2019-01-26T11:10:12","modified_gmt":"2019-01-26T10:10:12","slug":"design","status":"publish","type":"page","link":"https:\/\/www.weldergoven.de\/?page_id=47","title":{"rendered":"Design"},"content":{"rendered":"<h5>Design und Webmaster<\/h5>\n<p>            \n\t\t<div class=\"ngg-gallery-singlepic-image ngg-left\" style=\"max-width: 220px\">\n\t\t\t    \t<a href=\"https:\/\/www.weldergoven.de\/wp-content\/gallery\/personen\/ms-avatar-simpson-220x220.jpg\"\n\t\t     title=\"Avatar IGW Webmaster\"\n             data-src=\"https:\/\/www.weldergoven.de\/wp-content\/gallery\/personen\/ms-avatar-simpson-220x220.jpg\"\n             data-thumbnail=\"https:\/\/www.weldergoven.de\/wp-content\/gallery\/personen\/thumbs\/thumbs_ms-avatar-simpson-220x220.jpg\"\n             data-image-id=\"7\"\n             data-title=\"ms-avatar-simpson-220x220\"\n             data-description=\"Avatar IGW Webmaster\"\n             target='_self'\n             class=\"ngg-fancybox\" rel=\"a6795f1af3dfc547c9f737cf7acb161b\">\n            <img class=\"ngg-singlepic\"\n             src=\"https:\/\/www.weldergoven.de\/wp-content\/gallery\/personen\/cache\/ms-avatar-simpson-220x220.jpg-nggid017-ngg0dyn-220x220x100-00f0w010c010r110f110r010t010.jpg\"\n             alt=\"ms-avatar-simpson-220x220\"\n             title=\"ms-avatar-simpson-220x220\"\n              width=\"220\"               \/>\n    \t<\/a>\n\t\t      <\/div>\n        <br \/>\n<a href=\"https:\/\/www.weldergoven.de\/?page_id=3524\" title=\"Kontakt Webmaster\">Kontakt Webmaster<\/a><\/p>\n<h5>Quellen<\/h5>\n<ul>\n<li>Helge G\u00f6hring: &#8222;Weldergoven, Historisches &#8211; Volkskundliches&#8220; (ISBN 3-930246-03-01)<\/li>\n<li>Dorfentwicklungskonzept Weldergoven (im Auftrag des Lndesamtes f\u00fcr Agrarordnung, NRW, M\u00fcnster)<\/li>\n<li>Bildquellen: B\u00e4umer, Becker, Noll, R\u00f6hrl, Schmitz und und und &#8230;<\/li>\n<\/ul>\n<h5>Hinweis zum Design<\/h5>\n<p>Die Homepage der Interessengemeinschaft Weldergoven e.V. ist auf Basis der Plattform <a href=\"http:\/\/www.wordpress.org\" target=\"_blank\" rel=\"noopener noreferrer\">WordPress<\/a> und dem Theme <del datetime=\"2015-11-21T18:54:01+00:00\"><a href=\"http:\/\/wpthemepark.com\/themes\/fallseason\" target=\"_blank\" rel=\"noopener noreferrer\">FallSeason<\/a><\/del> <a href=\"http:\/\/catchthemes.com\/\" target=\"_blank\" rel=\"noopener noreferrer\">Catch Evolution<\/a> erstellt, wobei das zugrundeliegende Theme in Design und Funktionalit\u00e4t vielfach angepasst und ver\u00e4ndert wurde.<\/p>\n<p>Das Layout ist f\u00fcr eine Bildschirmaufl\u00f6sung ab 1024&#215;768 optimiert und insbesondere unter Mozialla Firefox, Google Chrome und Microsoft Internet Explorer getestet. Sollte es auf deinem\/Ihrem PC zu Darstellungsproblemen kommen bitte entsprechende Info an den Webmaster senden. Vielen Dank f\u00fcr die Mithilfe.<\/p>\n<p><strong>Aktuell ab November 2015:<\/strong><br \/>\nNach Umstellung auf des neue Theme <a href=\"http:\/\/catchthemes.com\/\" target=\"_blank\" rel=\"noopener noreferrer\">Catch Evolution<\/a> empfehle ich die Browser-Anzeige auf 100% zu belassen, da es ansonsten zu unerw\u00fcnschten Darstellungseffekten kommen kann. Die allgemeine Darstellung und die verschiedenen Elementgr\u00f6\u00dfen werden nun zudem abh\u00e4ngig von der Bildschirmgr\u00f6\u00dfe (auch f\u00fcr mobile Ger\u00e4te) automatisch angepasst.<\/p>\n<p>Weiteres zum neuen IGW Webauftritt findet man auch <a href=\"https:\/\/www.weldergoven.de\/?p=627\">hier<\/a>.<\/p>\n<p><a href=\"http:\/\/validator.w3.org\/check?uri=referer\" target=\"_blank\" rel=\"noopener noreferrer\"><img loading=\"lazy\" decoding=\"async\" src=\"http:\/\/www.w3.org\/Icons\/valid-xhtml10-blue\" alt=\"Valid XHTML 1.0 Transitional\" width=\"88\" height=\"31\" \/><\/a><\/p>\n","protected":false},"excerpt":{"rendered":"<p>Design und Webmaster Kontakt Webmaster Quellen Helge G\u00f6hring: &#8222;Weldergoven, Historisches &#8211; Volkskundliches&#8220; (ISBN 3-930246-03-01) Dorfentwicklungskonzept Weldergoven (im Auftrag des Lndesamtes f\u00fcr Agrarordnung, NRW, M\u00fcnster) Bildquellen: B\u00e4umer, Becker, Noll, R\u00f6hrl, Schmitz <a class=\"more-link\" href=\"https:\/\/www.weldergoven.de\/?page_id=47\">Continue Reading &amp;amp;amp;amp;amp;rarr;<\/a><\/p>\n","protected":false},"author":6,"featured_media":0,"parent":0,"menu_order":0,"comment_status":"closed","ping_status":"closed","template":"","meta":{"ngg_post_thumbnail":0,"footnotes":""},"class_list":["post-47","page","type-page","status-publish","hentry"],"_links":{"self":[{"href":"https:\/\/www.weldergoven.de\/index.php?rest_route=\/wp\/v2\/pages\/47","targetHints":{"allow":["GET"]}}],"collection":[{"href":"https:\/\/www.weldergoven.de\/index.php?rest_route=\/wp\/v2\/pages"}],"about":[{"href":"https:\/\/www.weldergoven.de\/index.php?rest_route=\/wp\/v2\/types\/page"}],"author":[{"embeddable":true,"href":"https:\/\/www.weldergoven.de\/index.php?rest_route=\/wp\/v2\/users\/6"}],"replies":[{"embeddable":true,"href":"https:\/\/www.weldergoven.de\/index.php?rest_route=%2Fwp%2Fv2%2Fcomments&post=47"}],"version-history":[{"count":75,"href":"https:\/\/www.weldergoven.de\/index.php?rest_route=\/wp\/v2\/pages\/47\/revisions"}],"predecessor-version":[{"id":3529,"href":"https:\/\/www.weldergoven.de\/index.php?rest_route=\/wp\/v2\/pages\/47\/revisions\/3529"}],"wp:attachment":[{"href":"https:\/\/www.weldergoven.de\/index.php?rest_route=%2Fwp%2Fv2%2Fmedia&parent=47"}],"curies":[{"name":"wp","href":"https:\/\/api.w.org\/{rel}","templated":true}]}}