{"id":40,"date":"2009-12-01T16:51:38","date_gmt":"2009-12-01T15:51:38","guid":{"rendered":"http:\/\/www.weldergoven.de\/wordpress\/?page_id=40"},"modified":"2019-01-26T11:12:34","modified_gmt":"2019-01-26T10:12:34","slug":"impressum","status":"publish","type":"page","link":"https:\/\/www.weldergoven.de\/?page_id=40","title":{"rendered":"Impressum und Disclaimer"},"content":{"rendered":"<h5>Interessengemeinschaft Weldergoven e.V.<\/h5>\n<p>Bernhard Frank<br \/>\nIrlenweg 46<br \/>\n53773 Hennef-Weldergoven<br \/>\nTelefon: 0 22 42 &#8211; 8 11 82<br \/>\n<a href=\"https:\/\/www.weldergoven.de\/?page_id=3526\" title=\"Kontakt Vorstand\">Kontakt Vorstand<\/a><\/p>\n<p><em>Vereinsregister VR776, Amtsgericht Siegburg<\/em><\/p>\n<h5><strong>Haftung f\u00fcr Inhalte<\/strong><\/h5>\n<p>Die Inhalte unserer Seiten wurden mit gr\u00f6\u00dfter Sorgfalt erstellt. F\u00fcr die Richtigkeit, Vollst\u00e4ndigkeit und Aktualit\u00e4t der Inhalte k\u00f6nnen wir jedoch keine Gew\u00e4hr \u00fcbernehmen.<\/p>\n<p>Als Diensteanbieter sind wir gem\u00e4\u00df \u00a7 6 Abs.1 MDStV und \u00a7 8 Abs.1 TDG f\u00fcr eigene Inhalte auf diesen Seiten nach den allgemeinen Gesetzen verantwortlich. Diensteanbieter sind jedoch nicht verpflichtet, die von ihnen \u00fcbermittelten oder gespeicherten fremden Informationen zu \u00fcberwachen oder nach Umst\u00e4nden zu forschen, die auf eine rechtswidrige T\u00e4tigkeit hinweisen. Verpflichtungen zur Entfernung oder Sperrung der Nutzung von Informationen nach den allgemeinen Gesetzen bleiben hiervon unber\u00fchrt. Eine diesbez\u00fcgliche Haftung ist jedoch erst ab dem Zeitpunkt der Kenntnis einer konkreten Rechtsverletzung m\u00f6glich. Bei bekannt werden von entsprechenden Rechtsverletzungen werden wir diese Inhalte umgehend entfernen.<\/p>\n<h5>Haftung f\u00fcr Links<\/h5>\n<p>Unser Angebot enth\u00e4lt Links zu externen Webseiten Dritter, auf deren Inhalte wir keinen Einfluss haben. Deshalb k\u00f6nnen wir f\u00fcr diese fremden Inhalte auch keine Gew\u00e4hr \u00fcbernehmen. F\u00fcr die Inhalte der verlinkten Seiten ist stets der jeweilige Anbieter oder Betreiber der Seiten verantwortlich. Die verlinkten Seiten wurden zum Zeitpunkt der Verlinkung auf m\u00f6gliche Rechtsverst\u00f6\u00dfe \u00fcberpr\u00fcft. Rechtswidrige Inhalte waren zum Zeitpunkt der Verlinkung nicht erkennbar. Eine permanente inhaltliche Kontrolle der verlinkten Seiten ist jedoch ohne konkrete Anhaltspunkte einer Rechtsverletzung nicht zumutbar. Bei bekannt werden von Rechtsverletzungen werden wir derartige Links umgehend entfernen.<\/p>\n<h5>Urheberrecht<\/h5>\n<p>Die Betreiber der Seiten sind bem\u00fcht, stets die Urheberrechte anderer zu beachten bzw. auf selbst erstellte sowie lizenzfreie Werke zur\u00fcckzugreifen.<\/p>\n<p>Die durch die Seitenbetreiber erstellten Inhalte und Werke auf diesen Seiten unterliegen dem deutschen Urheberrecht. Beitr\u00e4ge Dritter sind als solche gekennzeichnet. Die Vervielf\u00e4ltigung, Bearbeitung, Verbreitung und jede Art der Verwertung au\u00dferhalb der Grenzen des Urheberrechtes bed\u00fcrfen der schriftlichen Zustimmung des jeweiligen Autors bzw. Erstellers. Downloads und Kopien dieser Seite sind nur f\u00fcr den privaten, nicht kommerziellen Gebrauch gestattet.<\/p>\n<h5>Datenschutz<\/h5>\n<p>Soweit auf unseren Seiten personenbezogene Daten (beispielsweise Name, Anschrift oder eMail-Adressen) erhoben werden, erfolgt dies soweit m\u00f6glich stets auf freiwilliger Basis. Die Nutzung der Angebote und Dienste ist, soweit m\u00f6glich, stets ohne Angabe personenbezogener Daten m\u00f6glich.<\/p>\n<p>Der Nutzung von im Rahmen der Impressumspflicht ver\u00f6ffentlichten Kontaktdaten durch Dritte zur \u00dcbersendung von nicht ausdr\u00fccklich angeforderter Werbung und Informationsmaterialien wird hiermit ausdr\u00fccklich widersprochen. Die Betreiber der Seiten behalten sich ausdr\u00fccklich rechtliche Schritte im Falle der unverlangten Zusendung von Werbeinformationen, etwa durch Spam-Mails, vor.<\/p>\n<p>Weitere Details finden Sie in unseren Erkl\u00e4rungen zum <a href=\"https:\/\/www.weldergoven.de\/?page_id=3462\">Datenschutz<\/a>.<\/p>\n<p><em>Quelle: Disclaimer von S\u00f6ren Siebert &#8211; Anwalt Internet<\/em><\/p>\n<h5>Zusatz zur Ver\u00f6ffentlichung von Bildern mit Personen<\/h5>\n<p>Die verschiedenen Veranstaltungen der IGW e.V. machen sehr vielen Menschen aus dem Dorf und anderen G\u00e4sten Freude. Dies kann man an den ver\u00f6ffentlichten Bildern erkennen. Die IGW e.V. hat dabei niemals die Absicht, das Pers\u00f6nlichkeitsrecht eines Einzelnen zu verletzen sondern ist &#8211; best\u00e4tigt durch den langj\u00e4hrigen Zuspruch der Teilnehmer und G\u00e4ste &#8211; der Ansicht, dass die Ver\u00f6ffentlichung der Fotos auch den Abgelichteten Freude bereitet. F\u00fcr den gegenteiligen Fall, dass jemand sein Bildnis oder das seines Kindes nicht ver\u00f6ffentlicht sehen m\u00f6chte, bitten wir um sofortige Kontaktaufnahme; das Bild wird dann unmittelbar gel\u00f6scht. F\u00fcr einen solchen Fall erkl\u00e4rt die IGW e.V., vertreten durch ihren gesch\u00e4ftsf\u00fchrenden Vorstand, bereits jetzt und f\u00fcr die Zukunft verbindlich, dass eine Wiederholung der Ver\u00f6ffentlichung unterlassen wird!<\/p>\n","protected":false},"excerpt":{"rendered":"<p>Interessengemeinschaft Weldergoven e.V. Bernhard Frank Irlenweg 46 53773 Hennef-Weldergoven Telefon: 0 22 42 &#8211; 8 11 82 Kontakt Vorstand Vereinsregister VR776, Amtsgericht Siegburg Haftung f\u00fcr Inhalte Die Inhalte unserer Seiten <a class=\"more-link\" href=\"https:\/\/www.weldergoven.de\/?page_id=40\">Continue Reading &amp;amp;amp;amp;amp;rarr;<\/a><\/p>\n","protected":false},"author":6,"featured_media":0,"parent":0,"menu_order":0,"comment_status":"closed","ping_status":"closed","template":"","meta":{"ngg_post_thumbnail":0,"footnotes":""},"class_list":["post-40","page","type-page","status-publish","hentry"],"_links":{"self":[{"href":"https:\/\/www.weldergoven.de\/index.php?rest_route=\/wp\/v2\/pages\/40","targetHints":{"allow":["GET"]}}],"collection":[{"href":"https:\/\/www.weldergoven.de\/index.php?rest_route=\/wp\/v2\/pages"}],"about":[{"href":"https:\/\/www.weldergoven.de\/index.php?rest_route=\/wp\/v2\/types\/page"}],"author":[{"embeddable":true,"href":"https:\/\/www.weldergoven.de\/index.php?rest_route=\/wp\/v2\/users\/6"}],"replies":[{"embeddable":true,"href":"https:\/\/www.weldergoven.de\/index.php?rest_route=%2Fwp%2Fv2%2Fcomments&post=40"}],"version-history":[{"count":20,"href":"https:\/\/www.weldergoven.de\/index.php?rest_route=\/wp\/v2\/pages\/40\/revisions"}],"predecessor-version":[{"id":43,"href":"https:\/\/www.weldergoven.de\/index.php?rest_route=\/wp\/v2\/pages\/40\/revisions\/43"}],"wp:attachment":[{"href":"https:\/\/www.weldergoven.de\/index.php?rest_route=%2Fwp%2Fv2%2Fmedia&parent=40"}],"curies":[{"name":"wp","href":"https:\/\/api.w.org\/{rel}","templated":true}]}}