{"id":3793,"date":"2022-05-05T10:49:12","date_gmt":"2022-05-05T09:49:12","guid":{"rendered":"http:\/\/www.weldergoven.de\/?page_id=3793"},"modified":"2025-05-05T09:41:46","modified_gmt":"2025-05-05T08:41:46","slug":"kontakt-helferaufruf","status":"publish","type":"page","link":"https:\/\/www.weldergoven.de\/?page_id=3793","title":{"rendered":"Kontakt Helferaufruf"},"content":{"rendered":"<h5><span style=\"text-decoration: underline;\">HELFERAUFRUF zum Gassenflohmarkt am 6. Juli 2025<br \/>\n<\/span><\/h5>\n<p>&nbsp;<br \/>\nSie wollen helfen &#8211; super! Bitte f\u00fcllen Sie das Online-Formular aus. Es wird dann automatisch an das ORGA-Team versendet. Wir freuen uns auf jeden Helfer und jede Unterst\u00fctzung. In der Nachricht k\u00f6nnen Sie auch mitteilen, ob es irgendeine zeitliche Einschr\u00e4nkung, z.B. vormittags oder nachmittags, gibt.<\/p>\n<p>Herzlichen Dank!<\/p>\n<p><span style=\"color: #808080;\"><strong>Wichtiger Hinweis:<br \/>\nDie Daten werden nur f\u00fcr interne Zwecke der IGW verwendet. Eine Weitergabe erfolgt nicht. Bitte f\u00fcllen Sie alle Pflichtfelder des Online-Formulars korrekt aus. Bitte f\u00fcllen Sie das Formular nur im Rahmen der Veranstaltungsplanung\/-ank\u00fcndigung aus, also i.d.R. ca. 4-6 Wochen vor dem Termin.<\/strong><\/span><\/p>\n<h6><span style=\"text-decoration: underline;\">Anmerkung:<\/span> Bei Nutzung der Online-Formulare stimmen Sie der Bearbeitung von personenbezogenen Daten auf der Webseite <a href=\"https:\/\/www.weldergoven.de\">www.weldergoven.de<\/a> zu. Weitere Details finden Sie in unseren Erkl\u00e4rungen zum <a href=\"https:\/\/www.weldergoven.de\/?page_id=3462\">Datenschutz<\/a>.<\/h6>\n<p><!--more--><\/p>\n<p><span style=\"font-size: 1.6em;\"><span style=\"color: #3366ff;\"><span style=\"text-decoration: underline;\"><strong>IGW Gassenflohmarkt &#8211; Wir wollen helfen:<\/strong><\/span><\/span><\/span><\/p>\n\n<div class=\"wpcf7 no-js\" id=\"wpcf7-f3792-o1\" lang=\"en-US\" dir=\"ltr\" data-wpcf7-id=\"3792\">\n<div class=\"screen-reader-response\"><p role=\"status\" aria-live=\"polite\" aria-atomic=\"true\"><\/p> <ul><\/ul><\/div>\n<form action=\"\/index.php?rest_route=%2Fwp%2Fv2%2Fpages%2F3793#wpcf7-f3792-o1\" method=\"post\" class=\"wpcf7-form init\" aria-label=\"Contact form\" novalidate=\"novalidate\" data-status=\"init\">\n<fieldset class=\"hidden-fields-container\"><input type=\"hidden\" name=\"_wpcf7\" value=\"3792\" \/><input type=\"hidden\" name=\"_wpcf7_version\" value=\"6.1.3\" \/><input type=\"hidden\" name=\"_wpcf7_locale\" value=\"en_US\" \/><input type=\"hidden\" name=\"_wpcf7_unit_tag\" value=\"wpcf7-f3792-o1\" \/><input type=\"hidden\" name=\"_wpcf7_container_post\" value=\"0\" \/><input type=\"hidden\" name=\"_wpcf7_posted_data_hash\" value=\"\" \/>\n<\/fieldset>\n<p>Ihre Name (Pflichtfeld)\n<\/p>\n<p><span class=\"wpcf7-form-control-wrap\" data-name=\"your-name\"><input size=\"40\" maxlength=\"400\" class=\"wpcf7-form-control wpcf7-text wpcf7-validates-as-required\" aria-required=\"true\" aria-invalid=\"false\" value=\"\" type=\"text\" name=\"your-name\" \/><\/span>\n<\/p>\n<p>Ihre Email (Pflichtfeld)\n<\/p>\n<p><span class=\"wpcf7-form-control-wrap\" data-name=\"your-email\"><input size=\"40\" maxlength=\"400\" class=\"wpcf7-form-control wpcf7-email wpcf7-validates-as-required wpcf7-text wpcf7-validates-as-email\" aria-required=\"true\" aria-invalid=\"false\" value=\"\" type=\"email\" name=\"your-email\" \/><\/span>\n<\/p>\n<p>Ihre Nachricht\n<\/p>\n<p><span class=\"wpcf7-form-control-wrap\" data-name=\"your-message\"><textarea cols=\"40\" rows=\"10\" maxlength=\"2000\" class=\"wpcf7-form-control wpcf7-textarea\" aria-invalid=\"false\" name=\"your-message\"><\/textarea><\/span>\n<\/p>\n<p><input class=\"wpcf7-form-control wpcf7-submit has-spinner\" type=\"submit\" value=\"Senden\" \/>\n<\/p>\n<p><div id=\"cf7sr-69e8a044d9595\" class=\"cf7sr-g-recaptcha\" data-theme=\"light\" data-type=\"image\" data-size=\"normal\" data-sitekey=\"6LclhrMUAAAAAFMtTSimkltvwTAlHDhfVrthqEP3\"><\/div><span class=\"wpcf7-form-control-wrap cf7sr-recaptcha\" data-name=\"cf7sr-recaptcha\"><input type=\"hidden\" name=\"cf7sr-recaptcha\" value=\"\" class=\"wpcf7-form-control\"><\/span>\n<\/p><div class=\"wpcf7-response-output\" aria-hidden=\"true\"><\/div>\n<\/form>\n<\/div>\n\n","protected":false},"excerpt":{"rendered":"<p>HELFERAUFRUF zum Gassenflohmarkt am 6. Juli 2025 &nbsp; Sie wollen helfen &#8211; super! Bitte f\u00fcllen Sie das Online-Formular aus. Es wird dann automatisch an das ORGA-Team versendet. Wir freuen uns <a class=\"more-link\" href=\"https:\/\/www.weldergoven.de\/?page_id=3793\">Continue Reading &amp;amp;amp;amp;amp;rarr;<\/a><\/p>\n","protected":false},"author":6,"featured_media":0,"parent":0,"menu_order":0,"comment_status":"closed","ping_status":"closed","template":"","meta":{"ngg_post_thumbnail":0,"footnotes":""},"class_list":["post-3793","page","type-page","status-publish","hentry"],"_links":{"self":[{"href":"https:\/\/www.weldergoven.de\/index.php?rest_route=\/wp\/v2\/pages\/3793","targetHints":{"allow":["GET"]}}],"collection":[{"href":"https:\/\/www.weldergoven.de\/index.php?rest_route=\/wp\/v2\/pages"}],"about":[{"href":"https:\/\/www.weldergoven.de\/index.php?rest_route=\/wp\/v2\/types\/page"}],"author":[{"embeddable":true,"href":"https:\/\/www.weldergoven.de\/index.php?rest_route=\/wp\/v2\/users\/6"}],"replies":[{"embeddable":true,"href":"https:\/\/www.weldergoven.de\/index.php?rest_route=%2Fwp%2Fv2%2Fcomments&post=3793"}],"version-history":[{"count":5,"href":"https:\/\/www.weldergoven.de\/index.php?rest_route=\/wp\/v2\/pages\/3793\/revisions"}],"predecessor-version":[{"id":4441,"href":"https:\/\/www.weldergoven.de\/index.php?rest_route=\/wp\/v2\/pages\/3793\/revisions\/4441"}],"wp:attachment":[{"href":"https:\/\/www.weldergoven.de\/index.php?rest_route=%2Fwp%2Fv2%2Fmedia&parent=3793"}],"curies":[{"name":"wp","href":"https:\/\/api.w.org\/{rel}","templated":true}]}}