{"id":247,"date":"2009-12-08T23:54:03","date_gmt":"2009-12-08T22:54:03","guid":{"rendered":"http:\/\/www.weldergoven.de\/wordpress\/?page_id=247"},"modified":"2023-03-22T16:35:41","modified_gmt":"2023-03-22T15:35:41","slug":"wegekreuze","status":"publish","type":"page","link":"https:\/\/www.weldergoven.de\/?page_id=247","title":{"rendered":"Wegekreuze"},"content":{"rendered":"<h5><strong>Die drei Arma-Cristi-Kreuze in Weldergoven<\/strong><span style=\"font-size: x-small;\"><br \/>\n(Auszug aus &#8222;Weldergoven, Historisches &#8211; Volkskundliches&#8220;, Helge G\u00f6hring)<\/span><\/h5>\n<p>zeigen, in Holz geschnitzt, die Leidenswerkzeuge des Erl\u00f6sers. Sie sind Charakteristika der hergebrachten Volksfr\u00f6mmigkeit in Weldergoven. Zumeist sind diese Symbole von mehreren Familien in Auftrag gegeben worden und werden deshalb auch Nachbarschaftskreuze genannt. Bekanntlich sind Holzobjekte besonders durch die Einfl\u00fcsse der Witterung gef\u00e4hrdet, und so hatten die drei Weldergovener Kreuze nach etwa 150 Jahren in Wind und Wetter schon stark gelitten, als sich in den 70er Jahren die Interessengemeinschaft Weldergoven ihrer annahm. Die Inanspruchnahme eines Restaurators w\u00e4re nicht zu bezahlen gewesen und weiteres Warten h\u00e4tte zu noch gr\u00f6\u00dferen Sch\u00e4den gef\u00fchrt. So wurde die Restaurierung von begabten Handwerkern aus Weldergoven kostenlos durchgef\u00fchrt.<\/p>\n<p><strong>Das Kreuz am &#8222;Dorf-Dreieck&#8220;<\/strong><br \/>\n<img decoding=\"async\" class=\"ngg-singlepic ngg-left alignleft\" src=\"https:\/\/www.weldergoven.de\/wp-content\/gallery\/wegekreuze\/wegekreuz1_300x480.gif\" alt=\"wegekreuz1_300x480\" \/>Dieses Kreuz geh\u00f6rt der Gruppe der Kreuze mit reichen Darstellungen an, denn es ist im Unterschied zu den beiden anderen Weldergovener Kreuzen auch an den Seiten mit Bildern zur Passion ausgestattet. Abbildung der Vorderseite: Inschrift des Pilatus, drei Salbgef\u00e4\u00dfe, Dornengekr\u00f6nter Kopf Christi. Auf dem Querbalken: Hand Christi, Zange, Rute, Lanzen und Landknechtspike gekreuzt und von Seil zusammengehalten, Gei\u00dfel, Hammer, Hand Christi. Abw\u00e4rts: Federn?, N\u00e4gel, verwundetes Herz Christi, Kelch, Schwert des Petrus, F\u00fc\u00dfe Christi, Totenkopf mit Gebeinen. Abschluss nach unten ist heute die von Trauben eingefasste Nische damals noch ein Kopf, der analog zum K\u00f6ttinger Kreuz ein Engelskopf gewesen sein k\u00f6nnte. Links: Schwei\u00dftuch der Veronika, Hahn des Petrus, Gei\u00dfels\u00e4ule, Strick, Wasserkanne mit Sch\u00fcssel. Rechts: Laterne, Lanze, Schwamm mit Essig, Leiter, W\u00fcrfel auf Teller, W\u00fcrfelbecher, Hand.<br \/>\nDas Kreuz wurde 2006 und 2007 in den &#8222;Kalker Werkst\u00e4tten&#8220; zun\u00e4chst grundrestauriert und dann mit einem Grundanstrich an seinem neuen Platz am Dorfdreieck aufgestellt. Nach einer Spendenaktion die auf der Jahreshauptversammlung beschlossen wurde, konnte Dank der vielen Spender das Kreuz mit seinen Originalfarben in 2009 wieder hergestellt werden.<br \/>\n<strong>Hinweis:<\/strong><br \/>\nIm Rahmen der Restaurierungsarbeiten in den &#8222;Kalker Werkst\u00e4tten&#8220; wurde von J\u00fcrgen Felbinger am Institut f\u00fcr Restaurierungs- und Konservierungswissenschaft der FH K\u00f6ln eine umfangreiche Semesterarbeit zum Wegekreuz verfasst, die \u00fcber den nachfolgenden Link aufrufbar ist: <span class=\"pdfdoc\"><a title=\"Semesterarbeit als PDF ansehen\" href=\"https:\/\/www.weldergoven.de\/wp-content\/uploads\/PDFs\/Semesterarbeit-Wegekreuz2007.pdf\" rel=\"width:900,height:750\"  target=\"_blank\" rel=\"noopener\" class=\"wmp\" id=\"wmp1\">Semesterarbeit als PDF<\/a><\/span><br clear=\"all\" \/><\/p>\n<p><strong>Das Kreuz &#8222;Zum Br\u00fcnnchen &#8211; Grafenbungert&#8220;<\/strong><br \/>\n<img decoding=\"async\" class=\"ngg-singlepic ngg-right alignright\" src=\"https:\/\/www.weldergoven.de\/wp-content\/gallery\/wegekreuze\/wegekreuz2_300x480.gif\" alt=\"wegekreuz2_300x480\" \/>Das Kreuz nimmt eine Art Mittelstellung zwischen den Kreuzen mit einfacher Darstellung und den reich geschm\u00fcckten Kreuzen ein. An den Seiten finden sich keine Symbole, aber auf der Vorderseite sieht man au\u00dfer den H\u00e4nden und F\u00fc\u00dfen Christi die Inschrift des Pilatus, Brustbild Christi mit Dornenkrone und Schilfrohr, das Christusmonogramm JHS, drei N\u00e4gel, Christi Herz, Kelch, Christi Leibrock mit W\u00fcrfeln und der Totenkopf mit den gekreuzten Gebeinen.<br clear=\"all\" \/><\/p>\n<p><strong>Das Kreuz Ecke &#8222;Kreuzstra\u00dfe &#8211; Im Hohlweg&#8220;<\/strong><br \/>\n<img decoding=\"async\" class=\"ngg-singlepic ngg-left alignleft\" src=\"https:\/\/www.weldergoven.de\/wp-content\/gallery\/wegekreuze\/wegekreuz3_300x480.gif\" alt=\"wegekreuz3_300x480\" \/>Dieses Kreuz ist in gr\u00f6berer Weise geschnitzt. Zus\u00e4tzlich zu den Kreuzen mit einfacher Darstellung sind auf der Vorderseite abgebildet: Inschrift des Pilatus, Dornenkrone, Christusmonogramm JHS, N\u00e4gel des Kreuzes, Herz und Kelch. Unter den F\u00fc\u00dfen ist eine Nische. Das Kreuz wurde nach seiner Wiederherstellung 1976 am Siegdamm aufgestellt, wo zu seinen F\u00fc\u00dfen die Fronleichnammesse f\u00fcr die Pfarre Liebfrauen &#8211; Warth in diesem Jahr stattfand. Zehn Jahre sp\u00e4ter, 1986, nachdem die Kreuzstra\u00dfe ausgebaut war, kehrte auch das namensgebende Kreuz dorthin zur\u00fcck.<br clear=\"all\" \/><\/p>\n","protected":false},"excerpt":{"rendered":"<p>Die drei Arma-Cristi-Kreuze in Weldergoven (Auszug aus &#8222;Weldergoven, Historisches &#8211; Volkskundliches&#8220;, Helge G\u00f6hring) zeigen, in Holz geschnitzt, die Leidenswerkzeuge des Erl\u00f6sers. Sie sind Charakteristika der hergebrachten Volksfr\u00f6mmigkeit in Weldergoven. Zumeist <a class=\"more-link\" href=\"https:\/\/www.weldergoven.de\/?page_id=247\">Continue Reading &amp;amp;amp;amp;amp;rarr;<\/a><\/p>\n","protected":false},"author":6,"featured_media":0,"parent":2,"menu_order":2,"comment_status":"closed","ping_status":"closed","template":"","meta":{"ngg_post_thumbnail":0,"footnotes":""},"class_list":["post-247","page","type-page","status-publish","hentry"],"_links":{"self":[{"href":"https:\/\/www.weldergoven.de\/index.php?rest_route=\/wp\/v2\/pages\/247","targetHints":{"allow":["GET"]}}],"collection":[{"href":"https:\/\/www.weldergoven.de\/index.php?rest_route=\/wp\/v2\/pages"}],"about":[{"href":"https:\/\/www.weldergoven.de\/index.php?rest_route=\/wp\/v2\/types\/page"}],"author":[{"embeddable":true,"href":"https:\/\/www.weldergoven.de\/index.php?rest_route=\/wp\/v2\/users\/6"}],"replies":[{"embeddable":true,"href":"https:\/\/www.weldergoven.de\/index.php?rest_route=%2Fwp%2Fv2%2Fcomments&post=247"}],"version-history":[{"count":42,"href":"https:\/\/www.weldergoven.de\/index.php?rest_route=\/wp\/v2\/pages\/247\/revisions"}],"predecessor-version":[{"id":4017,"href":"https:\/\/www.weldergoven.de\/index.php?rest_route=\/wp\/v2\/pages\/247\/revisions\/4017"}],"up":[{"embeddable":true,"href":"https:\/\/www.weldergoven.de\/index.php?rest_route=\/wp\/v2\/pages\/2"}],"wp:attachment":[{"href":"https:\/\/www.weldergoven.de\/index.php?rest_route=%2Fwp%2Fv2%2Fmedia&parent=247"}],"curies":[{"name":"wp","href":"https:\/\/api.w.org\/{rel}","templated":true}]}}