{"id":220,"date":"2009-12-05T19:32:06","date_gmt":"2009-12-05T18:32:06","guid":{"rendered":"http:\/\/www.weldergoven.de\/wordpress\/?page_id=220"},"modified":"2010-02-15T19:09:38","modified_gmt":"2010-02-15T18:09:38","slug":"bau-der-scheune","status":"publish","type":"page","link":"https:\/\/www.weldergoven.de\/?page_id=220","title":{"rendered":"Bau der Scheune"},"content":{"rendered":"<h5>Einleitung<\/h5>\n<p>Der Bau der Scheune in den Jahren 1986-1991 ist das bisher gr\u00f6\u00dfte Projekt der Interessengemeinschaft Weldergoven e.V. und deshalb wird dieses au\u00dfer- ordentliche Beispiel der d\u00f6rflichen Vereinsarbeit mit dem Ziel eine Begegnungsst\u00e4tte f\u00fcr Jung und Alt in der Dorfgemeinschaft Weldergoven zu errichten auf dieser Seite ausf\u00fchrlich beschrieben<\/p>\n<p style=\"text-align: center;\"><img decoding=\"async\" class=\"aligncenter\" src=\"wp-content\/gallery\/diverses\/animation-scheune.gif\" alt=\"\" \/><\/p>\n<h5>Die Entscheidung<\/h5>\n<p>Nachdem in Weldergoven die letzte Gastwirtschaft geschlossen wurde und somit ein wichtiger Treffpunkt der Dorfbev\u00f6lkerung verloren war, wurden f\u00fcr das j\u00e4hrliche Dorffest und auch gr\u00f6\u00dfere private Veranstaltungen Zelte aufgebaut. Seit diesem Zeitpunkt war es ein wesentliches Ziel der Interessengemeinschaft Weldergoven wieder einen Versammlungsraum in Weldergoven zu schaffen. 1974 ging im Zuge einer Flurbereinigung das Grundst\u00fcck Ecke Siegstra\u00dfe, Zum Br\u00fcnnchen in das Eigentum der Stadt Hennef \u00fcber. Eine Nutzung durch die IGW bot sich somit an, wobei zun\u00e4chst nur daran gedacht war dort ein neues Ger\u00e4tehaus mit gro\u00dfem und vorgezogenem Dach zu errichten. Problem war, dass F\u00f6rdermittel zur Dorferneuerung nicht in Anspruch genommen werden konnten, da nur Altbauten gef\u00f6rdert wurden. In dieser Situation ergab es sich, einige Jahre sp\u00e4ter, dass in Attenberg bei Stadt Blankenberg eine Scheune abgerissen werden sollte, um einem Neubau zu weichen. Seitens der Stadtverwaltung Hennef wurde die Anregung zur Umsetzung dieser Scheune als B\u00fcrgerhaus nach Weldergoven gegeben.<\/p>\n<p>Auf der Jahreshauptversammlung der IGW 1986 wurde dieser Vorschlag zwischen Vorstand und Vereinsmitgliedern intensiv diskutiert und trotz teilweise erheblicher und auch berechtigter Bedenken hatten sich die Bef\u00fcrworter zur Durchf\u00fchrung dieses ehrgeizigen Projekts durch- gesetzt. Zweifel der Finanzierbarkeit, aber vor allem auch, ob die notwendige Bereitschaft zur handwerklichen Mitarbeit an diesem Vorhaben im Kreise der Vereinsmitglieder gew\u00e4hrleistet sein w\u00fcrde, sollten sich im weiteren Verlauf durch das gro\u00dfe Engagement der vielen Helfer nicht best\u00e4tigen.<\/p>\n<p style=\"text-align: center;\">            \n\t\t<div class=\"ngg-gallery-singlepic-image ngg-center\" style=\"max-width: 375px\">\n\t\t\t    \t<a href=\"https:\/\/www.weldergoven.de\/wp-content\/gallery\/diverses\/grundsteinlegung1987.gif\"\n\t\t     title=\"Urkunde zur Grundsteinlegung der Scheune 1987\"\n             data-src=\"https:\/\/www.weldergoven.de\/wp-content\/gallery\/diverses\/grundsteinlegung1987.gif\"\n             data-thumbnail=\"https:\/\/www.weldergoven.de\/wp-content\/gallery\/diverses\/thumbs\/thumbs_grundsteinlegung1987.gif\"\n             data-image-id=\"225\"\n             data-title=\"grundsteinlegung1987\"\n             data-description=\"Urkunde zur Grundsteinlegung der Scheune 1987\"\n             target='_self'\n             class=\"ngg-fancybox\" rel=\"9eba934445d5b3cf49a97815f8df3f1f\">\n            <img class=\"ngg-singlepic\"\n             src=\"https:\/\/www.weldergoven.de\/wp-content\/gallery\/diverses\/cache\/grundsteinlegung1987.gif-nggid03225-ngg0dyn-375x548x100-00f0w010c010r110f110r010t010.gif\"\n             alt=\"grundsteinlegung1987\"\n             title=\"grundsteinlegung1987\"\n              width=\"375\"               \/>\n    \t<\/a>\n\t\t      <\/div>\n        <\/p>\n<h6 style=\"text-align: center;\">Urkunde zur Grundsteinlegung von 1987<\/h6>\n<h5>Die Bauphase<\/h5>\n<p>Am 19. M\u00e4rz 1986 begann der Abbau der Fachwerkscheune in Attenberg mit den Markier- ungsarbeiten am Balkenwerk. Die schweren Eichenbalken wurden dann mit dem Trecker nach Weldergoven transportiert, wo sie zun\u00e4chst vor der Witterung gesch\u00fctzt an einem sicheren Ort gelagert wurden.<\/p>\n<h6 style=\"text-align: center;\">            \n\t\t<div class=\"ngg-gallery-singlepic-image ngg-center\" style=\"max-width: 350px\">\n\t\t\t    \t<a href=\"https:\/\/www.weldergoven.de\/wp-content\/gallery\/diverses\/bild_bauscheune1.jpg\"\n\t\t     title=\"Aufbau der Scheune1\"\n             data-src=\"https:\/\/www.weldergoven.de\/wp-content\/gallery\/diverses\/bild_bauscheune1.jpg\"\n             data-thumbnail=\"https:\/\/www.weldergoven.de\/wp-content\/gallery\/diverses\/thumbs\/thumbs_bild_bauscheune1.jpg\"\n             data-image-id=\"119\"\n             data-title=\"bild_bauscheune1\"\n             data-description=\"Aufbau der Scheune1\"\n             target='_self'\n             class=\"ngg-fancybox\" rel=\"321943be3e3e0e81aed35770c25dba2a\">\n            <img class=\"ngg-singlepic\"\n             src=\"https:\/\/www.weldergoven.de\/wp-content\/gallery\/diverses\/cache\/bild_bauscheune1.jpg-nggid03119-ngg0dyn-350x238x100-00f0w010c010r110f110r010t010.jpg\"\n             alt=\"bild_bauscheune1\"\n             title=\"bild_bauscheune1\"\n              width=\"350\"               \/>\n    \t<\/a>\n\t\t      <\/div>\n        <\/h6>\n<h6 style=\"text-align: center;\">Abbau der Scheune K\u00fcppers in Attenbach<\/h6>\n<p>Am 18. Juli 1987 folgte dann die Grundsteinlegung, nachdem im Fr\u00fchjahr 1987 unter Leitung des Zimmermannes und Vereinsmitglieds Josef Schmitz das Balkenwerk der Scheune wieder zusammengesetzt wurde.<\/p>\n<h6 style=\"text-align: center;\">            \n\t\t<div class=\"ngg-gallery-singlepic-image ngg-center\" style=\"max-width: 350px\">\n\t\t\t    \t<a href=\"https:\/\/www.weldergoven.de\/wp-content\/gallery\/diverses\/bild_bauscheune2.jpg\"\n\t\t     title=\"Aufbau der Scheune2\"\n             data-src=\"https:\/\/www.weldergoven.de\/wp-content\/gallery\/diverses\/bild_bauscheune2.jpg\"\n             data-thumbnail=\"https:\/\/www.weldergoven.de\/wp-content\/gallery\/diverses\/thumbs\/thumbs_bild_bauscheune2.jpg\"\n             data-image-id=\"120\"\n             data-title=\"bild_bauscheune2\"\n             data-description=\"Aufbau der Scheune2\"\n             target='_self'\n             class=\"ngg-fancybox\" rel=\"b700dacc4a82c98bbec0e887db6d3be6\">\n            <img class=\"ngg-singlepic\"\n             src=\"https:\/\/www.weldergoven.de\/wp-content\/gallery\/diverses\/cache\/bild_bauscheune2.jpg-nggid03120-ngg0dyn-350x199x100-00f0w010c010r110f110r010t010.jpg\"\n             alt=\"bild_bauscheune2\"\n             title=\"bild_bauscheune2\"\n              width=\"350\"               \/>\n    \t<\/a>\n\t\t      <\/div>\n        <\/h6>\n<h6 style=\"text-align: center;\">Unter der Leitung des Zimmermannes Josef Schmitz wird das Balkenwerk der Scheune wieder zusammengesetzt.<\/h6>\n<p>Erg\u00e4nzt durch einen Wirtschaftsteil f\u00fcr Heizungsanlage, K\u00fcche und Toiletten in Massivbau- weise entstand im Laufe der 5 Baujahre ein Raum f\u00fcr Veranstaltungen von etwa 50 qm Fl\u00e4che, vorgegeben durch die Ma\u00dfe der Scheune. Die Fachwerkkonstruktion erfolgt so, dass kein einziger Eisennagel verwendet wurde und die Holzbalken ausschlie\u00dflich durch Holzn\u00e4gel, die zum gro\u00dfen Teil in Handarbeit gefertigt wurden zusammengehalten werden.<\/p>\n<p>Schon bei der Weihnachtsfeier 1987 und danach konnte die zun\u00e4chst nur aus dem \u00fcberdach- ten Holzgerippe samt Nebenbau bestehende Scheune bis zu deren endg\u00fcltigen Fertigstellung im Jahre 1991, f\u00fcr Veranstaltungen und vor allem f\u00fcr das Gassenfest genutzt werden.<\/p>\n<p>Neben den Eigenmitteln des Vereins waren an der Finanzierung die Stadt Hennef, das Amt f\u00fcr Agrarordnung in Siegburg und zahlreiche Spender beteiligt.<\/p>\n<h5>Die Einweihung<\/h5>\n<p>Am 6. September 1991 wurde die Scheune als Gemeinschaftshaus f\u00fcr Weldergoven feierlich eingeweiht. Die Feier begann mit einem \u00f6kumenischen Gottesdienst und danach wurde die Scheune von B\u00fcrgermeister Emil Eyermann und Stadtdirektor Karl Kreuzberg ihrer endg\u00fcltigen Bestimmung \u00fcbergeben, wobei die vorbildliche Gemeinschaftsleistung der Weldergovener B\u00fcrger besonders gew\u00fcrdigt wurde.<\/p>\n<p>Gleichzeitig fand das sechste Weldergovener Gassenfest statt, was ab diesem Zeitpunkt von dem j\u00e4hrlich stattfindenden Scheunenfest abgel\u00f6st wurde.<\/p>\n<p>Seit diesem Tag wird die Scheune f\u00fcr vielerlei Treffs und Aktivit\u00e4ten der Dorfgemeinschaft und f\u00fcr private Feiern genutzt. In den folgenden Jahren wurde der Bereich um die Scheune weiter gestaltet &#8211; neben der Gestaltung der Au\u00dfenanlage ist ein gro\u00dfer Ger\u00e4teschuppen gebaut worden.<\/p>\n<p>Aber auch in Zukunft wird die Unterhaltung der Scheune immer wieder den Einsatz der IGW und deren Mitglieder erfordern. So ist f\u00fcr das Jahr 2002 eine Umgestaltung des Scheunen- Vorplatzes mit der Verlegung von Altstadtpflaster geplant.<\/p>\n","protected":false},"excerpt":{"rendered":"<p>Einleitung Der Bau der Scheune in den Jahren 1986-1991 ist das bisher gr\u00f6\u00dfte Projekt der Interessengemeinschaft Weldergoven e.V. und deshalb wird dieses au\u00dfer- ordentliche Beispiel der d\u00f6rflichen Vereinsarbeit mit dem <a class=\"more-link\" href=\"https:\/\/www.weldergoven.de\/?page_id=220\">Continue Reading &amp;amp;amp;amp;amp;rarr;<\/a><\/p>\n","protected":false},"author":6,"featured_media":0,"parent":15,"menu_order":6,"comment_status":"closed","ping_status":"closed","template":"","meta":{"ngg_post_thumbnail":0,"footnotes":""},"class_list":["post-220","page","type-page","status-publish","hentry"],"_links":{"self":[{"href":"https:\/\/www.weldergoven.de\/index.php?rest_route=\/wp\/v2\/pages\/220","targetHints":{"allow":["GET"]}}],"collection":[{"href":"https:\/\/www.weldergoven.de\/index.php?rest_route=\/wp\/v2\/pages"}],"about":[{"href":"https:\/\/www.weldergoven.de\/index.php?rest_route=\/wp\/v2\/types\/page"}],"author":[{"embeddable":true,"href":"https:\/\/www.weldergoven.de\/index.php?rest_route=\/wp\/v2\/users\/6"}],"replies":[{"embeddable":true,"href":"https:\/\/www.weldergoven.de\/index.php?rest_route=%2Fwp%2Fv2%2Fcomments&post=220"}],"version-history":[{"count":12,"href":"https:\/\/www.weldergoven.de\/index.php?rest_route=\/wp\/v2\/pages\/220\/revisions"}],"predecessor-version":[{"id":404,"href":"https:\/\/www.weldergoven.de\/index.php?rest_route=\/wp\/v2\/pages\/220\/revisions\/404"}],"up":[{"embeddable":true,"href":"https:\/\/www.weldergoven.de\/index.php?rest_route=\/wp\/v2\/pages\/15"}],"wp:attachment":[{"href":"https:\/\/www.weldergoven.de\/index.php?rest_route=%2Fwp%2Fv2%2Fmedia&parent=220"}],"curies":[{"name":"wp","href":"https:\/\/api.w.org\/{rel}","templated":true}]}}