{"id":218,"date":"2009-12-05T19:31:44","date_gmt":"2009-12-05T18:31:44","guid":{"rendered":"http:\/\/www.weldergoven.de\/wordpress\/?page_id=218"},"modified":"2012-06-16T10:41:17","modified_gmt":"2012-06-16T09:41:17","slug":"projekte","status":"publish","type":"page","link":"https:\/\/www.weldergoven.de\/?page_id=218","title":{"rendered":"Projekte"},"content":{"rendered":"<h5>\u00dcberblick<\/h5>\n<p>Von den unz\u00e4hlige Initiativen und Aktionen der Interessengemeinschaft Weldergoven e.V. werden hier nun die wichtigsten Projekte der \u00fcber 30-j\u00e4hrigen Vereinsarbeit behandelt. Das herausragenste Projekt &#8211; der Bau der Dorfscheune &#8211; wird auf einer eigenen Seite detailliert beschrieben.<\/p>\n<h5>Vertretung der Dorfinteressen<\/h5>\n<p>Von den unz\u00e4hlige Initiativen und Bem\u00fchungen u.a. in Zusammenarbeit mit der Gemeinde und sp\u00e4ter, seit 1981, der Stadt Hennef werden hier nun die wichtigsten Projekte stichpunktartig aufgelistet:<\/p>\n<ul>\n<li> Ausbau des Weldergovener Weges vom Ortsausgang bis zum Anschluss an die Br\u00f6ltalstra\u00dfe (B 478): Anlage eines Fu\u00dfg\u00e4nger- und Radfahrweges, Beleuchtung der Stra\u00dfe und Verbesserung der Fahrbahn, Anpflanzung von Obstb\u00e4ume<\/li>\n<li> verbesserte Anbindung der Bodenstra\u00dfe an die Siegtalstra\u00dfe (L 333)<\/li>\n<li> Ausbau des siegbegleitenden Weges zwischen Hennef und Haus Attenbach<\/li>\n<li> Ausbau, Beleuchtung und Beschilderung der inner\u00f6rtlichen Stra\u00dfen<\/li>\n<li> Bau eines Buswarteh\u00e4uschens<\/li>\n<li> Aufstellung einer Telefonzelle<\/li>\n<li> Beseitigung von Gefahrenpunkten<\/li>\n<li> Unterf\u00fchrung der Siegbr\u00fccke f\u00fcr Radfahrer und Fu\u00dfg\u00e4nger<\/li>\n<li> Gestaltung des Dorfdreiecks und Pflege der geschaffenen Gr\u00fcnanlagen<\/li>\n<li> Aufstellung und Wartung von Ruheb\u00e4nken<\/li>\n<li> Antrag auf Erstellung eines Dorfentwicklungsplans f\u00fcr Weldergoven &#8211; hieraus entstand im Jahre 1999 unter Beteiligung der IGW ein Dorfentwicklungskonzept &#8222;Weldergoven&#8220;<\/li>\n<\/ul>\n<h5>Pflege von Dorfgemeinschaft und Brauchtum<\/h5>\n<p>Der Pflege von Dorfgemeinschaft und Brauchtum nimmt sich die IGW in vielf\u00e4ltiger Weise und durch die Organisation diverser Veranstaltungen an. An erste Stelle sind die Dorffeste zu nennen. In den 70er Jahren wurden f\u00fcr die Dorffeste, weil es keinen anderen geeigneten Raum in Weldergoven gab, gro\u00dfe Zelte aufgeschlagen. Im Jahre 1986 wurde dann das erste &#8222;Gassenfest&#8220; im Rohbau der Scheune veranstaltet und seit Fertigstellung der Scheune im Jahre 1991 findet j\u00e4hrlich das Scheunenfest am ersten Wochenende nach den Sommerferien statt. Die IGW und die vielen freiwilligen Helfer bieten an diesen 2 Tagen sowohl den kleinen als auch den gro\u00dfen Besuchern regelm\u00e4\u00dfig vielf\u00e4ltige Unterhaltungsm\u00f6glichkeiten, wie z.B. Kinderfu\u00dfballturnier, Ponyreiten, Zauberer, Schminkstand, H\u00fcpfburg, diverse Kinderspiele, Dorfrundfahrt mit der Eisenbahn, Tombola, Fr\u00fchschoppen mit Live-Musik. Auch f\u00fcr das leibliche Wohl ist mit Getr\u00e4nken am Bierpils, dem Grill und Kuchenstand immer bestens gesorgt. Durch die Wiederaufnahme des F\u00e4hrverkehrs \u00fcber die Sieg auf manchen dieser Feste wird immer wieder ein besonderer Akzent gesetzt.<\/p>\n<p>Fr\u00fcher auf private Initiative organisiert, wird seit dem Bestehen der j\u00e4hrliche Martinszug in Weldergoven durch die IGW ausgerichtet. Regelm\u00e4\u00dfig werden hierbei durch die Vorstands- mitglieder der IGW im Dorf Haussammlungen durchgef\u00fchrt, bei denen Martinslose f\u00fcr die Verlosung der traditionellen Martinsputen, verkauft werden. Aus diesem Erl\u00f6s werden dann die Weckm\u00e4nner f\u00fcr die Kinder sowie der Gl\u00fchwein- und Kakaoausschank finanziert. F\u00fcr die musikalische Ausschm\u00fcckung des Martinszugs unterst\u00fctzt uns schon seit Jahren der uns nachbarschaftlich verbundene Musikverein Allner. Seit bestehen der neuen Gemeinschafts- grundschule Siegtal, in der zum \u00fcberwiegenden Teil Weldergovener Kinder zur Schule gehen, nimmt die gesamt Schule mit inzwischen \u00fcber 170 Sch\u00fclern in 7 Klassen mit der Lehrerschaft am Martinszug teil.<\/p>\n<p>Regelm\u00e4\u00dfig zu Weihnachten findet im Dezember die Weihnachtsfeier in der Scheune statt. Unter Beteiligung der Dorfjugend findet ein Krippenspiel statt, bevor dann anschlie\u00dfend der Weihnachtsmann mit Knecht Ruprecht den Kindern im Dorf eine Weihnachtst\u00fcte \u00fcberreicht. Mit dem gemeinsamen Singen von Weihnachtsliedern und einem geschm\u00fcckten Christbaum auf dem Vorplatz der Scheune bringt diese Veranstaltung dann eine erste vorweihnachtliche Stimmung nach Weldergoven. Besonders zu Erw\u00e4hnen ist, dass 1987 das Krippenspiel sogar mit lebenden Tieren aufgef\u00fchrt wurde.<\/p>\n<p>Weitere Aktionen der IGW, wie Wanderungen oder Seniorenfahrten und seit der Fertigstellung der Scheune auch regelm\u00e4\u00dfig dort stattfindende Treffs und Veranstaltungen tragen ebenfalls wesentlich zu dem Erhalt und der Pflege der Dorfgemeinschaft in Weldergoven bei. Die festliche Gestaltung von Goldhochzeiten von Mitgliedern, bei denen die Dorfbewohner dem Jubelpaar mit einem Fackelzug aufwarten geh\u00f6rt ebenso zu den selbstgestellten Aufgaben der IGW.<\/p>\n<p>Die Bem\u00fchungen und Ergebnisse f\u00fcr die Erhaltung der in Weldergoven stehenden Dorfkreuze durch die IGW kann auf einer gesonderte Seite zu den Dorfkreuzen nachgelesen werden.<\/p>\n<h5>Umweltschutz<\/h5>\n<p>Die Belange von Umwelt- und Naturschutz wurden als Vereinszweck erst 1989 in die Satzung aufgenommen, obwohl dies schon seit je her ein wichtiges Anliegen der IGW war. So finden seit 1972 j\u00e4hrlich im Fr\u00fchjahr Aktionen zur Reinigung der Dorfflur statt, die heute in der Aktion &#8222;Sauberes Dorf&#8220;, besonders auch bei den Kindern, auf gro\u00dfes Interesse st\u00f6\u00dft.<\/p>\n<p>Die Bem\u00fchungen zur Aufstellung von fest installierten Papierk\u00f6rben, die Pflege der \u00f6ffentlichen Gr\u00fcnfl\u00e4chen, die Unterst\u00fctzungen zur Erhaltung der Kleingartenanlage, sowie die erfolgreichen Bem\u00fchungen zur Sperrung des Siegdammes und der weiterf\u00fchrenden Wege f\u00fcr Kraftfahrzeuge sind weitere Aktionen der IGW in diesem Bereich.<\/p>\n<h5>Bolz- und Spielplatz<\/h5>\n<p>Die Anlage des Bolz- und Spielplatz durch die IGW in den Jahren 1973 und 1974 auf der Siegwiese vor dem Damm, Flurst\u00fcck &#8222;G\u00f6ttertsbitze&#8220; (Striefen, Flur 3, Parzellen 21-23) ist eine der besonders hervorzuhebenden Arbeiten.<\/p>\n<p>Der Bolzplatz wurde am Karnevalssonntag dem 4. M\u00e4rz 1973 mit einem Fu\u00dfballspiel der Vereinsmitglieder er\u00f6ffnet. Wesentlich mehr Arbeit und Initiative der flei\u00dfigen Helfer im Dorf, sowie auch betr\u00e4chtliche Kosten erforderte aber der Bau des Kinderspielplatzes, der mit einer ca. 500 qm gro\u00dfen Sandfl\u00e4che versehen und mit diversen Spielger\u00e4ten, wie z.B. Schaukeln, Rutschen, einer Kriechr\u00f6hre und Kletterger\u00fcste ausgestattet wurde. Die Gemeinde Hennef steuerte hierzu betr\u00e4chtliche Finanzhilfen bei. Am 1. Mai 1974 wurde der Spielplatz unter lebhafter Beteiligung der Dorfbev\u00f6lkerung im Rahmen eines Festes f\u00fcr Kinder und Erwachsene eingeweiht.<\/p>\n<p>Obwohl das Grundst\u00fcck im Hochwassergebiet lag bzw. liegt, blieb der Spielplatz bis zum M\u00e4rz 1981 vom Sieghochwasser verschont. In diesem Jahr \u00fcberschwemmte die Sieg die ganze Fl\u00e4che bis zum Damm und schwemmte die Sandf\u00fcllung der Spielanlage davon. Seitdem passiert dies leider immer wieder und erfordert dann jedes Mal kosten- und arbeitsintensive Instandsetzungen durch die flei\u00dfigen Helfer der IGW, die auch in den darauffolgenden Jahren und bis zum heutigen Tag f\u00fcr die Erhaltung und Pflege des Bolz- und Spielplatz mit regelm\u00e4\u00dfigen Arbeitseins\u00e4tzen eintritt. So wurden weitere Spielger\u00e4te wie z.B. Schaukelpferde und ein Basketballkorb und schlie\u00dflich im Jahre 2001 eine Schutzh\u00fctte f\u00fcr die Dorfjugend durch die IGW errichtet.<\/p>\n<p>Im Jahre 2012 haben wir leider nach langen Jahren und vielen Arbeitseins\u00e4tzen aufgegeben. Die st\u00e4ndigen \u00dcberschwemmungen im Winter durch das Sieghochwasser, aber auch die schwindende Unterst\u00fctzung gerade von Eltern j\u00fcngerer Kinder, haben dazu gef\u00fchrt, dass wir uns nicht mehr in der Lage sehen, einen sicherheitsgerechten Spielplatz in dieser problematischen Lage weiterhin auf entsprechenden Niveau zu erhalten. Im April 2012 wurde die Betreuung des Spielplatzes daher an die Stadt Hennef zur\u00fcckgegeben. <\/p>\n<h5>Unser Dorf soll sch\u00f6ner werden<\/h5>\n<p>Besondere Erw\u00e4hnung verdient hier die, durch die IGW betriebene, wiederholte Teilnahme an dem vom Land Nordrhein-Westfalen ausgeschriebenen Wettbewerb &#8222;Unser Dorf soll sch\u00f6ner werden&#8220;.<\/p>\n<p>Waren in den 70er Jahren die Bewertungskriterien der Jury mit den folgenden Kriterien nicht so hoch gesetzt:<\/p>\n<ul>\n<li> Gestaltung und Pflege der Vorg\u00e4rten<\/li>\n<li> Instandhaltung der Geb\u00e4ude und Hofr\u00e4ume<\/li>\n<li> Blumen und Pflanzen an den H\u00e4usern<\/li>\n<li> Gestaltung und Pflege der Wohn- und Wirtschaftsg\u00e4rten<\/li>\n<\/ul>\n<p>wurden die Ziele in den 80er Jahren in der Ausschreibung des Landkreises strenger gefasst:<\/p>\n<ul>\n<li> die Wahrung der individuellen d\u00f6rflichen Strukturen einschlie\u00dflich der Sicherung aller erhaltenswerten Bausubstanz<\/li>\n<li> die Beachtung der Ziele von Denkmalschutz und Denkmalpflege<\/li>\n<li> die standortgerechte Eingr\u00fcnung des Ortes<\/li>\n<li> die Ber\u00fccksichtigung der Belange von Natur und Landschaft in Dorf und Gemarkung<\/li>\n<li> die Schaffung einer lebenswerten sozialen Umwelt<\/li>\n<\/ul>\n<p>Der Wettbewerb will die Stadt- und Gemeindeteile, die auf diesen Gebieten vorbildliche Arbeiten leisten, mit einer Pr\u00e4mierung herausstellen.<\/p>\n<p>Weldergoven hat an diesem Wettbewerb insgesamt 6x teilgenommen:<\/p>\n<ul>\n<li> 1973 &#8211; Platz 14<\/li>\n<li> 1975 &#8211; Platz 8<\/li>\n<li> 1977 &#8211; Platz 12<\/li>\n<li> 1988 &#8211; Platz 5<\/li>\n<li> 1990 &#8211; Platz 9 (Sonderpreis)<\/li>\n<li> 1992 &#8211; Platz 10<\/li>\n<li> 1999 &#8211; Platzierung<\/li>\n<\/ul>\n<p>Im September 1991 bewarb sich die IGW zus\u00e4tzlich f\u00fcr Weldergoven \u00fcber die Stadt Hennef an der Ausschreibung f\u00fcr ein Modellprojekt des Landes Nordrhein-Westfalen &#8211; Ministerium f\u00fcr Umwelt, Raumordnung und Landwirtschaft &#8211; &#8222;\u00d6kologisches Dorf der Zukunft&#8220; teilzunehmen. Der Bewerbung wurde entsprochen und Weldergoven geh\u00f6rte zu den 5 Orten im Rheinland, die zur Endauswahl in diesem Wettbewerb ausgew\u00e4hlt wurden. Den Zuschlag erhielt dann allerdings das Dorf Benroth bei Ruppichterroth.<\/p>\n","protected":false},"excerpt":{"rendered":"<p>\u00dcberblick Von den unz\u00e4hlige Initiativen und Aktionen der Interessengemeinschaft Weldergoven e.V. werden hier nun die wichtigsten Projekte der \u00fcber 30-j\u00e4hrigen Vereinsarbeit behandelt. Das herausragenste Projekt &#8211; der Bau der Dorfscheune <a class=\"more-link\" href=\"https:\/\/www.weldergoven.de\/?page_id=218\">Continue Reading &amp;amp;amp;amp;amp;rarr;<\/a><\/p>\n","protected":false},"author":6,"featured_media":0,"parent":15,"menu_order":5,"comment_status":"closed","ping_status":"closed","template":"","meta":{"ngg_post_thumbnail":0,"footnotes":""},"class_list":["post-218","page","type-page","status-publish","hentry"],"_links":{"self":[{"href":"https:\/\/www.weldergoven.de\/index.php?rest_route=\/wp\/v2\/pages\/218","targetHints":{"allow":["GET"]}}],"collection":[{"href":"https:\/\/www.weldergoven.de\/index.php?rest_route=\/wp\/v2\/pages"}],"about":[{"href":"https:\/\/www.weldergoven.de\/index.php?rest_route=\/wp\/v2\/types\/page"}],"author":[{"embeddable":true,"href":"https:\/\/www.weldergoven.de\/index.php?rest_route=\/wp\/v2\/users\/6"}],"replies":[{"embeddable":true,"href":"https:\/\/www.weldergoven.de\/index.php?rest_route=%2Fwp%2Fv2%2Fcomments&post=218"}],"version-history":[{"count":5,"href":"https:\/\/www.weldergoven.de\/index.php?rest_route=\/wp\/v2\/pages\/218\/revisions"}],"predecessor-version":[{"id":2125,"href":"https:\/\/www.weldergoven.de\/index.php?rest_route=\/wp\/v2\/pages\/218\/revisions\/2125"}],"up":[{"embeddable":true,"href":"https:\/\/www.weldergoven.de\/index.php?rest_route=\/wp\/v2\/pages\/15"}],"wp:attachment":[{"href":"https:\/\/www.weldergoven.de\/index.php?rest_route=%2Fwp%2Fv2%2Fmedia&parent=218"}],"curies":[{"name":"wp","href":"https:\/\/api.w.org\/{rel}","templated":true}]}}