{"id":216,"date":"2009-12-05T19:31:03","date_gmt":"2009-12-05T18:31:03","guid":{"rendered":"http:\/\/www.weldergoven.de\/wordpress\/?page_id=216"},"modified":"2024-07-18T13:01:32","modified_gmt":"2024-07-18T12:01:32","slug":"miete-der-scheune","status":"publish","type":"page","link":"https:\/\/www.weldergoven.de\/?page_id=216","title":{"rendered":"Miete der Scheune"},"content":{"rendered":"<p>Die Dorfscheune kann f\u00fcr Familienfeiern und andere Festlichkeiten gemietet werden.<\/p>\n<p>Zur Ausstattung geh\u00f6ren eine K\u00fcche mit Geschirr, Stehtische, St\u00fchle und Tische f\u00fcr bis zu ca. 40 Personen (Raum ist ca. 50 qm gro\u00df), sowie zwei Toiletten und Heizung. Eine Zapfanlage und Geschirrsp\u00fclmaschine ist vorhanden.<\/p>\n<p>Die Vermietung ist erst dann g\u00fcltig, wenn der von beiden Seiten unterschriebene Mietvertrag vorliegt. Grunds\u00e4tzlich wollen wir mehr als 1 Vermietung, insbesondere am Wochenende, vermeiden.<\/p>\n<h6 style=\"text-align: center;\">            \n\t\t<div class=\"ngg-gallery-singlepic-image ngg-center\" style=\"max-width: 350px\">\n\t\t\t    \t<a href=\"https:\/\/www.weldergoven.de\/wp-content\/gallery\/diverses\/bild_scheune.gif\"\n\t\t     title=\"Dorfscheune\"\n             data-src=\"https:\/\/www.weldergoven.de\/wp-content\/gallery\/diverses\/bild_scheune.gif\"\n             data-thumbnail=\"https:\/\/www.weldergoven.de\/wp-content\/gallery\/diverses\/thumbs\/thumbs_bild_scheune.gif\"\n             data-image-id=\"121\"\n             data-title=\"bild_scheune\"\n             data-description=\"Dorfscheune\"\n             target='_self'\n             class=\"ngg-fancybox\" rel=\"3d95fa0924cf4ded52a670fb8c71a501\">\n            <img class=\"ngg-singlepic\"\n             src=\"https:\/\/www.weldergoven.de\/wp-content\/gallery\/diverses\/cache\/bild_scheune.gif-nggid03121-ngg0dyn-350x250x100-00f0w010c010r110f110r010t010.gif\"\n             alt=\"bild_scheune\"\n             title=\"bild_scheune\"\n              width=\"350\"               \/>\n    \t<\/a>\n\t\t      <\/div>\n        <\/h6>\n<h6 style=\"text-align: center;\">Die &#8222;Scheune&#8220; in Weldergoven<\/h6>\n<p>Die folgenden Mietbedingungen sind besonders zu beachten (weitere Mietbedingungen sind dem Vertrag zu entnehmen):<\/p>\n<ul>\n<li>Die Nutzung muss mit R\u00fccksicht auf die Nachbarn sp\u00e4testens um 01:30 Uhr beendet sein.<\/li>\n<li>Au\u00dferhalb des Hauses darf kein Getr\u00e4nkeausschank sowie Musikanlagen aufgebaut oder benutzt werden. Nach 22:00 Uhr muss die Veranstaltung in die Scheune verlegt werden. Das gro\u00dfe Scheunentor muss geschlossen bleiben.<\/li>\n<li>Dem Mieter ist bekannt, dass in Weldergoven insbesondere in der N\u00e4he der \u201eScheune&#8220; kaum Parkraum zur Verf\u00fcgung steht. Der Mieter wird bei seinen G\u00e4sten daher darauf hinwirken, dass diese m\u00f6glichst Au\u00dfer Ort (z.B. P&amp;R Parkplatz S-Bahn Haltestelle \u201eIm Siegbogen\u201c) parken. In jedem Fall&nbsp; sind Park- und Halteverbote zu beachten. Insbesondere ist in den an die Scheune grenzenden Stra\u00dfen \u2013 \u201eSiegstra\u00dfe\u201c und \u201eAm Br\u00fcnnchen\u201c absolutes Halteverbot wegen des Autoverkehrs.<\/li>\n<li>Der Mieter wurde darauf hingewiesen, dass der IGW f\u00fcr jeden Fall der Zuwiderhandlung gegen die oben festgelegten Verpflichtungen seitens der Stadt Hennef die Verh\u00e4ngung eines Ordnungsgeldes i.H.v. bis 1.000,- \u20ac angedroht worden ist. Der Mieter verpflichtet sich mit Vertragsschluss, der IGW das Ordnungsgeld zu erstatten, welches wegen der Nichteinhaltung der vorstehenden Bestimmungen durch den Mieter oder seine G\u00e4ste gegen die IGW verh\u00e4ngt wird.<\/li>\n<li>Der Vermieter beh\u00e4lt sich vor bei Zuwiderhandlung die Veranstaltung durch die Polizei \u201eaufl\u00f6sen\u201c zu lassen.<\/li>\n<\/ul>\n<p>F\u00fcr Vermietungen gelten die folgenden Preise pro Veranstaltung:<\/p>\n<ul>\n<li>f\u00fcr Mitglieder EURO 90.- \/ f\u00fcr Nicht-Mitglieder EURO 160.-<br \/>\n<span style=\"font-size: x-small;\">Veranstaltung mit 1 Tag Verl\u00e4ngerung (z.B. Kommunion\/Konfirmation: Feier am Sonntag und Montag):<br \/>\nf\u00fcr Mitglieder EURO 140.- \/ f\u00fcr Nicht-Mitglieder EURO 250.-<br \/>\n(Kurzveranstaltung bis ca. 2-3 Stunden: 0.5fache des Mietpreises)<br \/>\nSonder-Nutzung der Au\u00dfenfl\u00e4chen (gem. Ziffer 5): EURO 30,-<br \/>\n<\/span><\/li>\n<li>Kaution EURO 50.-<\/li>\n<li>Anzahlung 50% des Mietpreises<\/li>\n<\/ul>\n<p>Weitere allgemeine Bedingungen die auch im Mietvertrag festgehalten sind:<\/p>\n<ul>\n<li>Es erfolgt keine Vermietung f\u00fcr Jugendveranstaltungen unter 25 Jahre. Ausnahme: \u201eTagesveranstaltungen\u201c bis 20 Uhr f\u00fcr Schulklassen \/&nbsp; Vereine.<\/li>\n<li>Die Anzahl der Personen Anzahl darf 50 nicht ma\u00dfgeblich \u00fcbersteigen<\/li>\n<li>Eine Anzahlung in H\u00f6he von&nbsp; 50% des Mietpreises ist bei Vertragsabschluss f\u00e4llig.<\/li>\n<li>Die Restzahlung und eine Kaution in H\u00f6he von&nbsp; 50,-&nbsp; \u20ac&nbsp; sind bei Schl\u00fcssel\u00fcbergabe f\u00e4llig.<\/li>\n<li>K\u00fcndigt der Mieter den Mietvertrag innerhalb von 90 Tagen vor Mietbeginn oder nimmt er die Mietsache nicht in Anspruch beh\u00e4lt der Vermieter die H\u00e4lfte des Mietpreises (Anzahlung) ein.<\/li>\n<li>F\u00fcr den Mitgliederpreis muss eine mindestens 1-j\u00e4hrige Mitgliedschaft bei Vertragsabschluss vorliegen.<\/li>\n<\/ul>\n<p>Weitere besondere Bedigungen:<\/p>\n<ul>\n<li>F\u00fcr die Sondernutzung der Au\u00dfenfl\u00e4chen z.B. f\u00fcr mobiles Catering ist eine besondere Vereinbarung und Zusatzgeb\u00fchr erforderlich.<\/li>\n<\/ul>\n<p>Die Kontaktadresse f\u00fcr die Miete ist: Franz (Michael) Royer, Zum Br\u00fcnnchen 2, Tel. 02242 &#8211; 9331717, <a title=\"Kontakt Scheune (Vermietung)\" href=\"https:\/\/www.weldergoven.de\/?page_id=3533\">Kontakt Scheune (Vermietung)<\/a><\/p>\n<p><span class=\"pdfdoc\"><a title=\"Hausordnung der Scheune als PDF ansehen\" href=\"https:\/\/www.weldergoven.de\/wp-content\/uploads\/PDFs\/Hausordnung2013.pdf\" rel=\"width:900,height:750\"  target=\"_blank\" rel=\"noopener\" class=\"wmp\" id=\"wmp1\">Hausordnung der Scheune als PDF<\/a><\/span><\/p>\n<p><span class=\"pdfdoc\"><a title=\"Hausordnung der Scheune als PDF ansehen\" href=\"https:\/\/www.weldergoven.de\/wp-content\/uploads\/PDFs\/Mietvertrag2022.pdf\" rel=\"width:900,height:750\"  target=\"_blank\" rel=\"noopener\" class=\"wmp\" id=\"wmp1\">Mietvertrag der Scheune als PDF<\/a><\/span><\/p>\n<p>Der Weg zur Scheune (Ecke Siegstra\u00dfe \/ Zum Br\u00fcnnchen):<\/p>\n<p>&nbsp;<\/p>\n<p><center><iframe loading=\"lazy\" style=\"border: 0;\" src=\"https:\/\/www.google.com\/maps\/embed?pb=!1m14!1m12!1m3!1d352.3811826487334!2d7.31426907532313!3d50.778549421315276!2m3!1f0!2f0!3f0!3m2!1i1024!2i768!4f13.1!5e1!3m2!1sde!2sde!4v1448149271132\" width=\"600\" height=\"450\" frameborder=\"0\" allowfullscreen=\"allowfullscreen\"><\/iframe><\/center>&nbsp;<\/p>\n<p>&nbsp;<\/p>\n","protected":false},"excerpt":{"rendered":"<p>Die Dorfscheune kann f\u00fcr Familienfeiern und andere Festlichkeiten gemietet werden. Zur Ausstattung geh\u00f6ren eine K\u00fcche mit Geschirr, Stehtische, St\u00fchle und Tische f\u00fcr bis zu ca. 40 Personen (Raum ist ca. <a class=\"more-link\" href=\"https:\/\/www.weldergoven.de\/?page_id=216\">Continue Reading &amp;amp;amp;amp;amp;rarr;<\/a><\/p>\n","protected":false},"author":6,"featured_media":0,"parent":15,"menu_order":4,"comment_status":"closed","ping_status":"closed","template":"","meta":{"ngg_post_thumbnail":0,"footnotes":""},"class_list":["post-216","page","type-page","status-publish","hentry"],"_links":{"self":[{"href":"https:\/\/www.weldergoven.de\/index.php?rest_route=\/wp\/v2\/pages\/216","targetHints":{"allow":["GET"]}}],"collection":[{"href":"https:\/\/www.weldergoven.de\/index.php?rest_route=\/wp\/v2\/pages"}],"about":[{"href":"https:\/\/www.weldergoven.de\/index.php?rest_route=\/wp\/v2\/types\/page"}],"author":[{"embeddable":true,"href":"https:\/\/www.weldergoven.de\/index.php?rest_route=\/wp\/v2\/users\/6"}],"replies":[{"embeddable":true,"href":"https:\/\/www.weldergoven.de\/index.php?rest_route=%2Fwp%2Fv2%2Fcomments&post=216"}],"version-history":[{"count":43,"href":"https:\/\/www.weldergoven.de\/index.php?rest_route=\/wp\/v2\/pages\/216\/revisions"}],"predecessor-version":[{"id":4334,"href":"https:\/\/www.weldergoven.de\/index.php?rest_route=\/wp\/v2\/pages\/216\/revisions\/4334"}],"up":[{"embeddable":true,"href":"https:\/\/www.weldergoven.de\/index.php?rest_route=\/wp\/v2\/pages\/15"}],"wp:attachment":[{"href":"https:\/\/www.weldergoven.de\/index.php?rest_route=%2Fwp%2Fv2%2Fmedia&parent=216"}],"curies":[{"name":"wp","href":"https:\/\/api.w.org\/{rel}","templated":true}]}}