{"id":2159,"date":"2012-08-03T17:46:37","date_gmt":"2012-08-03T16:46:37","guid":{"rendered":"http:\/\/www.weldergoven.de\/?page_id=2159"},"modified":"2025-08-08T09:17:40","modified_gmt":"2025-08-08T08:17:40","slug":"online-formular-kuchenspende-scheunenfest","status":"publish","type":"page","link":"https:\/\/www.weldergoven.de\/?page_id=2159","title":{"rendered":"Online-Formular: Kuchenspende Scheunenfest"},"content":{"rendered":"<h5><span style=\"text-decoration: underline;\">Anmeldung zur Kuchenspende f\u00fcr das Scheunenfest am 30. August 2025<\/span><\/h5>\n<p>Bitte f\u00fcllen Sie das Online-Formular zur Anmeldung aus. Es wird dann automatisch an die Organisatorin <strong><span style=\"color: #3366ff;\">Edith Uwira<\/span><\/strong> versendet. Wir freuen uns f\u00fcr jede Kuchenspende.<\/p>\n<p>Wichtig: Bringen Sie bitte Ihren Kuchen am <strong>Samstag, 30. August, ab 11 Uhr<\/strong> direkt zur Scheune.<\/p>\n<p>Herzlichen Dank!<\/p>\n<p><span style=\"color: #808080;\"><strong>Wichtiger Hinweis:<br \/>\nDie Daten werden nur f\u00fcr interne Zwecke der IGW verwendet. Eine Weitergabe erfolgt nicht. Bitte f\u00fcllen Sie alle Pflichtfelder des Online-Formulars korrekt aus. Bitte f\u00fcllen Sie das Formular nur im Rahmen der Veranstaltungsplanung\/-ank\u00fcndigung aus, also i.d.R. ca. 4-6 Wochen vor dem Termin.<\/strong><\/span><\/p>\n<h6><span style=\"text-decoration: underline;\">Anmerkung:<\/span> Bei Nutzung der Online-Formulare stimmen Sie der Bearbeitung von personenbezogenen Daten auf der Webseite <a href=\"https:\/\/www.weldergoven.de\">www.weldergoven.de<\/a> zu. Weitere Details finden Sie in unseren Erkl\u00e4rungen zum <a href=\"https:\/\/www.weldergoven.de\/?page_id=3462\">Datenschutz<\/a>.<\/h6>\n<p><!--more--><\/p>\n<p><span style=\"font-size: 1.6em;\"><span style=\"color: #3366ff;\"><span style=\"text-decoration: underline;\"><strong>IGW Scheunfest &#8211; Wir spenden Kuchen:<\/strong><\/span><\/span><\/span><\/p>\n\n<div class=\"wpcf7 no-js\" id=\"wpcf7-f3128-o1\" lang=\"en-US\" dir=\"ltr\" data-wpcf7-id=\"3128\">\n<div class=\"screen-reader-response\"><p role=\"status\" aria-live=\"polite\" aria-atomic=\"true\"><\/p> <ul><\/ul><\/div>\n<form action=\"\/index.php?rest_route=%2Fwp%2Fv2%2Fpages%2F2159#wpcf7-f3128-o1\" method=\"post\" class=\"wpcf7-form init\" aria-label=\"Contact form\" novalidate=\"novalidate\" data-status=\"init\">\n<fieldset class=\"hidden-fields-container\"><input type=\"hidden\" name=\"_wpcf7\" value=\"3128\" \/><input type=\"hidden\" name=\"_wpcf7_version\" value=\"6.1.3\" \/><input type=\"hidden\" name=\"_wpcf7_locale\" value=\"en_US\" \/><input type=\"hidden\" name=\"_wpcf7_unit_tag\" value=\"wpcf7-f3128-o1\" \/><input type=\"hidden\" name=\"_wpcf7_container_post\" value=\"0\" \/><input type=\"hidden\" name=\"_wpcf7_posted_data_hash\" value=\"\" \/>\n<\/fieldset>\n<p><br clear=all \/>\n<\/p>\n<table style=\"border-style: solid; border-width: 0pt; background-color: #d3e0f3; width: 600px; margin-bottom: 1em;\" border=\"0\" cellspacing=\"1\" cellpadding=\"1\" align=\"left\">\n\t<tbody>\n\t\t<tr>\n\t\t\t<td style=\"width: 300px; padding-left: 1em; padding-top: 1em; padding-bottom: 1em;\" align=\"left\">\n\t\t\t\t<p>Name <span style=\"font-size:0.8em;\">(Pflichtfeld)<\/span>\n\t\t\t\t<\/p>\n\t\t\t<\/td>\n\t\t\t<td style=\"width: 300px; padding-left: 1em; padding-top: 1em; padding-bottom: 1em;\" align=\"left\">\n\t\t\t\t<p><span class=\"wpcf7-form-control-wrap\" data-name=\"your-name\"><input size=\"40\" maxlength=\"400\" class=\"wpcf7-form-control wpcf7-text wpcf7-validates-as-required\" aria-required=\"true\" aria-invalid=\"false\" value=\"\" type=\"text\" name=\"your-name\" \/><\/span>\n\t\t\t\t<\/p>\n\t\t\t<\/td>\n\t\t<\/tr>\n\t\t<tr>\n\t\t\t<td style=\"width: 300px; padding-left: 1em; padding-top: 1em; padding-bottom: 1em;\" align=\"left\">\n\t\t\t\t<p>Adresse <span style=\"font-size:0.8em;\">(Pflichtfeld)<\/span>\n\t\t\t\t<\/p>\n\t\t\t<\/td>\n\t\t\t<td style=\"width: 300px; padding-left: 1em; padding-top: 1em; padding-bottom: 1em;\" align=\"left\">\n\t\t\t\t<p><span class=\"wpcf7-form-control-wrap\" data-name=\"your-address\"><input size=\"40\" maxlength=\"400\" class=\"wpcf7-form-control wpcf7-text wpcf7-validates-as-required\" aria-required=\"true\" aria-invalid=\"false\" value=\"\" type=\"text\" name=\"your-address\" \/><\/span>\n\t\t\t\t<\/p>\n\t\t\t<\/td>\n\t\t<\/tr>\n\t\t<tr>\n\t\t\t<td style=\"width: 300px; padding-left: 1em; padding-top: 1em; padding-bottom: 1em;\" align=\"left\">\n\t\t\t\t<p>Telefon <span style=\"font-size:0.8em;\">(Pflichtfeld)<\/span>\n\t\t\t\t<\/p>\n\t\t\t<\/td>\n\t\t\t<td style=\"width: 300px; padding-left: 1em; padding-top: 1em; padding-bottom: 1em;\" align=\"left\">\n\t\t\t\t<p><span class=\"wpcf7-form-control-wrap\" data-name=\"your-phone\"><input size=\"40\" maxlength=\"400\" class=\"wpcf7-form-control wpcf7-text wpcf7-validates-as-required\" aria-required=\"true\" aria-invalid=\"false\" value=\"\" type=\"text\" name=\"your-phone\" \/><\/span>\n\t\t\t\t<\/p>\n\t\t\t<\/td>\n\t\t<\/tr>\n\t\t<tr>\n\t\t\t<td style=\"width: 300px; padding-left: 1em; padding-top: 1em; padding-bottom: 1em;\" align=\"left\">\n\t\t\t\t<p>eMail <span style=\"font-size:0.8em;\">(Pflichtfeld)<\/span>\n\t\t\t\t<\/p>\n\t\t\t<\/td>\n\t\t\t<td style=\"width: 300px; padding-left: 1em; padding-top: 1em; padding-bottom: 1em;\" align=\"left\">\n\t\t\t\t<p><span class=\"wpcf7-form-control-wrap\" data-name=\"your-email\"><input size=\"40\" maxlength=\"400\" class=\"wpcf7-form-control wpcf7-email wpcf7-validates-as-required wpcf7-text wpcf7-validates-as-email\" aria-required=\"true\" aria-invalid=\"false\" value=\"\" type=\"email\" name=\"your-email\" \/><\/span>\n\t\t\t\t<\/p>\n\t\t\t<\/td>\n\t\t<\/tr>\n\t\t<tr>\n\t\t\t<td style=\"width: 300px; padding-left: 1em; padding-top: 1em; padding-bottom: 1em;\" align=\"left\">\n\t\t\t\t<p>Anzahl Kuchen <span style=\"font-size:0.8em;\">(Pflichtfeld)<\/span>\n\t\t\t\t<\/p>\n\t\t\t<\/td>\n\t\t\t<td style=\"width: 300px; padding-left: 1em; padding-top: 1em; padding-bottom: 1em;\" align=\"left\">\n\t\t\t\t<p><span class=\"wpcf7-form-control-wrap\" data-name=\"your-cakenumber\"><input size=\"40\" maxlength=\"400\" class=\"wpcf7-form-control wpcf7-text wpcf7-validates-as-required\" aria-required=\"true\" aria-invalid=\"false\" value=\"\" type=\"text\" name=\"your-cakenumber\" \/><\/span>\n\t\t\t\t<\/p>\n\t\t\t<\/td>\n\t\t<\/tr>\n\t\t<tr>\n\t\t\t<td style=\"width: 300px; padding-left: 1em; padding-top: 1em; padding-bottom: 1em;\" align=\"left\">\n\t\t\t\t<p>Kuchen <span style=\"font-size:0.8em;\">(Pflichtfeld)<\/span>\n\t\t\t\t<\/p>\n\t\t\t<\/td>\n\t\t\t<td style=\"width: 300px; padding-left: 1em; padding-top: 1em; padding-bottom: 1em;\" align=\"left\">\n\t\t\t\t<p><span class=\"wpcf7-form-control-wrap\" data-name=\"your-cake\"><input size=\"40\" maxlength=\"400\" class=\"wpcf7-form-control wpcf7-text wpcf7-validates-as-required\" aria-required=\"true\" aria-invalid=\"false\" value=\"\" type=\"text\" name=\"your-cake\" \/><\/span>\n\t\t\t\t<\/p>\n\t\t\t<\/td>\n\t\t<\/tr>\n\t<\/tbody>\n<\/table>\n<p><br clear=all \/>\n<\/p>\n<p><input class=\"wpcf7-form-control wpcf7-submit has-spinner\" type=\"submit\" value=\"Senden\" \/>\n<\/p>\n<p><br clear=all \/>\n<\/p>\n<p><div id=\"cf7sr-69e5e152bdd1f\" class=\"cf7sr-g-recaptcha\" data-theme=\"light\" data-type=\"image\" data-size=\"normal\" data-sitekey=\"6LclhrMUAAAAAFMtTSimkltvwTAlHDhfVrthqEP3\"><\/div><span class=\"wpcf7-form-control-wrap cf7sr-recaptcha\" data-name=\"cf7sr-recaptcha\"><input type=\"hidden\" name=\"cf7sr-recaptcha\" value=\"\" class=\"wpcf7-form-control\"><\/span>\n<\/p><div class=\"wpcf7-response-output\" aria-hidden=\"true\"><\/div>\n<\/form>\n<\/div>\n\n","protected":false},"excerpt":{"rendered":"<p>Anmeldung zur Kuchenspende f\u00fcr das Scheunenfest am 30. August 2025 Bitte f\u00fcllen Sie das Online-Formular zur Anmeldung aus. Es wird dann automatisch an die Organisatorin Edith Uwira versendet. Wir freuen <a class=\"more-link\" href=\"https:\/\/www.weldergoven.de\/?page_id=2159\">Continue Reading &amp;amp;amp;amp;amp;rarr;<\/a><\/p>\n","protected":false},"author":6,"featured_media":0,"parent":2026,"menu_order":3,"comment_status":"closed","ping_status":"closed","template":"","meta":{"ngg_post_thumbnail":0,"footnotes":""},"class_list":["post-2159","page","type-page","status-publish","hentry"],"_links":{"self":[{"href":"https:\/\/www.weldergoven.de\/index.php?rest_route=\/wp\/v2\/pages\/2159","targetHints":{"allow":["GET"]}}],"collection":[{"href":"https:\/\/www.weldergoven.de\/index.php?rest_route=\/wp\/v2\/pages"}],"about":[{"href":"https:\/\/www.weldergoven.de\/index.php?rest_route=\/wp\/v2\/types\/page"}],"author":[{"embeddable":true,"href":"https:\/\/www.weldergoven.de\/index.php?rest_route=\/wp\/v2\/users\/6"}],"replies":[{"embeddable":true,"href":"https:\/\/www.weldergoven.de\/index.php?rest_route=%2Fwp%2Fv2%2Fcomments&post=2159"}],"version-history":[{"count":23,"href":"https:\/\/www.weldergoven.de\/index.php?rest_route=\/wp\/v2\/pages\/2159\/revisions"}],"predecessor-version":[{"id":4490,"href":"https:\/\/www.weldergoven.de\/index.php?rest_route=\/wp\/v2\/pages\/2159\/revisions\/4490"}],"up":[{"embeddable":true,"href":"https:\/\/www.weldergoven.de\/index.php?rest_route=\/wp\/v2\/pages\/2026"}],"wp:attachment":[{"href":"https:\/\/www.weldergoven.de\/index.php?rest_route=%2Fwp%2Fv2%2Fmedia&parent=2159"}],"curies":[{"name":"wp","href":"https:\/\/api.w.org\/{rel}","templated":true}]}}