{"id":214,"date":"2009-12-05T19:30:09","date_gmt":"2009-12-05T18:30:09","guid":{"rendered":"http:\/\/www.weldergoven.de\/wordpress\/?page_id=214"},"modified":"2018-06-21T20:09:59","modified_gmt":"2018-06-21T19:09:59","slug":"mitgliedschaft","status":"publish","type":"page","link":"https:\/\/www.weldergoven.de\/?page_id=214","title":{"rendered":"Mitgliedschaft"},"content":{"rendered":"<h5><strong>Werden auch SIE Mitglied in der Interessengemeinschaft Weldergoven e.V.<\/strong><\/h5>\n<p>Damit die bisher so erfolgreiche Vereinsarbeit weiter fortgef\u00fchrt werden kann, ist es wichtig, dass sich immer wieder neue Mitb\u00fcrger und Dorfbewohner finden, die die IGW mit einer Mitgliedschaft und vielleicht sogar auch durch aktive Vereinsarbeit unterst\u00fctzen. Bitte bedenken Sie &#8211; fast alle Veranstaltungen in Weldergoven, wie z.B. der Martinszug und die Weihnachtskrippenfeier, das j\u00e4hrliche Scheunenfest, die Unterhaltung der Scheune und die dortigen Veranstaltungen, wie Seniorentreff und Kinder-Krabbelgruppe werden von der IGW organisiert und w\u00fcrde es ohne die IGW nicht geben.<\/p>\n<p>Der Jahresbeitrag einer Mitgliedschaft in der IGW betr\u00e4gt ab dem Jahre 2002 Euro 12.-. F\u00fcr eine neue Mitgliedschaft k\u00f6nnen Weldergovener Dorfbewohner ein ihnen bekanntes Vorstandsmitglied direkt ansprechen. Aber auch \u00fcbers INTERNET kann das Interesse an einer Mitgliedschaft an die IGW weitergeleitet werden (s.u.).<\/p>\n<p><span class=\"pdfdoc\"><a title=\"Mitgliedsantrag\" href=\"https:\/\/www.weldergoven.de\/wp-content\/uploads\/PDFs\/Mitgliedantrag.pdf\" rel=\"width:900,height:750\"  target=\"_blank\" rel=\"noopener noreferrer\" class=\"wmp\" id=\"wmp1\">Mitgliedsantrag<\/a><\/span><\/p>\n<h5><strong>Autoaufkleber der Interessengemeinschaft Weldergoven e.V.<\/strong><\/h5>\n<p>Erstmalig wurde auf dem Scheunenfest 2002 ein Autoaufkleber der IGW mit dem Schriftzug www.Weldergoven.de angeboten. Wer es verpasst hat einen Aufkleber zu kaufen und doch noch Werbung f\u00fcr unser sch\u00f6nes Dorf auf der Heckscheibe seines Autos machen m\u00f6chte kann f\u00fcr \u20ac1.- beim Webmaster ein Exemplar erstehen.<\/p>\n            \n\t\t<div class=\"ngg-gallery-singlepic-image ngg-center\" style=\"max-width: 369px\">\n\t\t\t    \t<a href=\"https:\/\/www.weldergoven.de\/wp-content\/gallery\/diverses\/autoaufkleber.gif\"\n\t\t     title=\"\"\n             data-src=\"https:\/\/www.weldergoven.de\/wp-content\/gallery\/diverses\/autoaufkleber.gif\"\n             data-thumbnail=\"https:\/\/www.weldergoven.de\/wp-content\/gallery\/diverses\/thumbs\/thumbs_autoaufkleber.gif\"\n             data-image-id=\"123\"\n             data-title=\"autoaufkleber\"\n             data-description=\"\"\n             target='_self'\n             class=\"ngg-fancybox\" rel=\"bd59aa864c84329db1e1f3bd104a9c7e\">\n            <img class=\"ngg-singlepic\"\n             src=\"https:\/\/www.weldergoven.de\/wp-content\/gallery\/diverses\/cache\/autoaufkleber.gif-nggid03123-ngg0dyn-369x210x100-00f0w010c010r110f110r010t010.gif\"\n             alt=\"autoaufkleber\"\n             title=\"autoaufkleber\"\n              width=\"369\"               \/>\n    \t<\/a>\n\t\t      <\/div>\n        \n","protected":false},"excerpt":{"rendered":"<p>Werden auch SIE Mitglied in der Interessengemeinschaft Weldergoven e.V. Damit die bisher so erfolgreiche Vereinsarbeit weiter fortgef\u00fchrt werden kann, ist es wichtig, dass sich immer wieder neue Mitb\u00fcrger und Dorfbewohner <a class=\"more-link\" href=\"https:\/\/www.weldergoven.de\/?page_id=214\">Continue Reading &amp;amp;amp;amp;amp;rarr;<\/a><\/p>\n","protected":false},"author":6,"featured_media":0,"parent":15,"menu_order":3,"comment_status":"closed","ping_status":"closed","template":"","meta":{"ngg_post_thumbnail":0,"footnotes":""},"class_list":["post-214","page","type-page","status-publish","hentry"],"_links":{"self":[{"href":"https:\/\/www.weldergoven.de\/index.php?rest_route=\/wp\/v2\/pages\/214","targetHints":{"allow":["GET"]}}],"collection":[{"href":"https:\/\/www.weldergoven.de\/index.php?rest_route=\/wp\/v2\/pages"}],"about":[{"href":"https:\/\/www.weldergoven.de\/index.php?rest_route=\/wp\/v2\/types\/page"}],"author":[{"embeddable":true,"href":"https:\/\/www.weldergoven.de\/index.php?rest_route=\/wp\/v2\/users\/6"}],"replies":[{"embeddable":true,"href":"https:\/\/www.weldergoven.de\/index.php?rest_route=%2Fwp%2Fv2%2Fcomments&post=214"}],"version-history":[{"count":10,"href":"https:\/\/www.weldergoven.de\/index.php?rest_route=\/wp\/v2\/pages\/214\/revisions"}],"predecessor-version":[{"id":3483,"href":"https:\/\/www.weldergoven.de\/index.php?rest_route=\/wp\/v2\/pages\/214\/revisions\/3483"}],"up":[{"embeddable":true,"href":"https:\/\/www.weldergoven.de\/index.php?rest_route=\/wp\/v2\/pages\/15"}],"wp:attachment":[{"href":"https:\/\/www.weldergoven.de\/index.php?rest_route=%2Fwp%2Fv2%2Fmedia&parent=214"}],"curies":[{"name":"wp","href":"https:\/\/api.w.org\/{rel}","templated":true}]}}