{"id":206,"date":"2009-12-05T19:26:09","date_gmt":"2009-12-05T18:26:09","guid":{"rendered":"http:\/\/www.weldergoven.de\/wordpress\/?page_id=206"},"modified":"2010-01-29T19:57:27","modified_gmt":"2010-01-29T18:57:27","slug":"strasennamen","status":"publish","type":"page","link":"https:\/\/www.weldergoven.de\/?page_id=206","title":{"rendered":"Stra\u00dfennamen"},"content":{"rendered":"<p>Im Jahre 1962 wurden in Weldergoven Stra\u00dfennamen vergeben, nachdem zuvor in einer B\u00fcrgerversammlung dar\u00fcber beschlossen worden war. Bis dahin hatten die Anwesen in Weldergoven nur Hausnummern.<\/p>\n<ol>\n<li> <strong>Siegstra\u00dfe<\/strong>, weil sie auf die Sieg zuf\u00fchrt, wo ehedem die Furt war<\/li>\n<li><strong>Grafenbungert<\/strong>, nach der dortigen Flurbezeichnung<\/li>\n<li><strong>Zum Br\u00fcnnchen<\/strong>, weil dort vor dem Haus Nummer 14 der Dorfbrunnen war<\/li>\n<li><strong>Im Hohlweg<\/strong>, nach der im Volksmund gebr\u00e4uchlichen Flurbezeichnung &#8222;In der Hohl&#8220;<\/li>\n<li><strong>Im Burghof<\/strong>, ohne historischen Bezug entspricht dem Namen &#8222;Graue Burg&#8220;, der dem Haus Nummer 2, zugelegt wurde, dessen damalige Eigent\u00fcmerin Siedlungsh\u00e4user an dieser Stra\u00dfe errichten lie\u00df<\/li>\n<li><strong>Kleebungert<\/strong>, nach der dortigen Flurbezeichnung &#8222;Aufm Kleebungert&#8220;<\/li>\n<li><strong>Am Rosenh\u00fcgel<\/strong>, Fantasiebezeichnung, vermutlich wegen der dort anliegenden G\u00e4rtnerei<\/li>\n<li><strong>Bodenstra\u00dfe<\/strong>, nach der dortigen Flurbezeichnung &#8222;Im Boden&#8220;<\/li>\n<li><strong>Hubertusstra\u00dfe<\/strong>, nach der dort in den 1950er Jahren errichteten &#8222;St. Hubertus Siedlung&#8220;, nach dem Schutzpatron Weldergovens benannt<\/li>\n<li><strong>Am W\u00e4ldchen<\/strong>, nach dem dort beginnenden Waldstreifen zum Allnerhof<\/li>\n<li><strong>Postweg<\/strong>, nach der dort in den 1960er-70er Jahren befindlichen Poststelle<\/li>\n<li><strong>Irlenweg<\/strong><\/li>\n<li><strong>Birkenweg<\/strong><\/li>\n<li><strong>De Ruusch<\/strong>, inoffizielle Bezeichnung des Weges vom Ortsende Burgweg zur Sieg, der im Winter als Rodelbahn diente<\/li>\n<\/ol>\n<h6 style=\"text-align: center;\">            \n\t\t<div class=\"ngg-gallery-singlepic-image ngg-center\" style=\"max-width: 374px\">\n\t\t\t    \t<a href=\"https:\/\/www.weldergoven.de\/wp-content\/gallery\/geschichte\/histbild6.jpg\"\n\t\t     title=\"Historisches Bild6\"\n             data-src=\"https:\/\/www.weldergoven.de\/wp-content\/gallery\/geschichte\/histbild6.jpg\"\n             data-thumbnail=\"https:\/\/www.weldergoven.de\/wp-content\/gallery\/geschichte\/thumbs\/thumbs_histbild6.jpg\"\n             data-image-id=\"114\"\n             data-title=\"histbild6\"\n             data-description=\"Historisches Bild6\"\n             target='_self'\n             class=\"ngg-fancybox\" rel=\"4566e6f0a15e41529944b7fb9b361a40\">\n            <img class=\"ngg-singlepic\"\n             src=\"https:\/\/www.weldergoven.de\/wp-content\/gallery\/geschichte\/cache\/histbild6.jpg-nggid03114-ngg0dyn-374x218x100-00f0w010c010r110f110r010t010.jpg\"\n             alt=\"histbild6\"\n             title=\"histbild6\"\n              width=\"374\"               \/>\n    \t<\/a>\n\t\t      <\/div>\n        <\/h6>\n<h6 style=\"text-align: center;\">Blick von der &#8222;Ruusch&#8220; auf Haus Nummer 17, Zum Br\u00fcnnchen 18 (1929)<\/h6>\n","protected":false},"excerpt":{"rendered":"<p>Im Jahre 1962 wurden in Weldergoven Stra\u00dfennamen vergeben, nachdem zuvor in einer B\u00fcrgerversammlung dar\u00fcber beschlossen worden war. Bis dahin hatten die Anwesen in Weldergoven nur Hausnummern. Siegstra\u00dfe, weil sie auf <a class=\"more-link\" href=\"https:\/\/www.weldergoven.de\/?page_id=206\">Continue Reading &amp;amp;amp;amp;amp;rarr;<\/a><\/p>\n","protected":false},"author":6,"featured_media":0,"parent":10,"menu_order":6,"comment_status":"closed","ping_status":"closed","template":"","meta":{"ngg_post_thumbnail":0,"footnotes":""},"class_list":["post-206","page","type-page","status-publish","hentry"],"_links":{"self":[{"href":"https:\/\/www.weldergoven.de\/index.php?rest_route=\/wp\/v2\/pages\/206","targetHints":{"allow":["GET"]}}],"collection":[{"href":"https:\/\/www.weldergoven.de\/index.php?rest_route=\/wp\/v2\/pages"}],"about":[{"href":"https:\/\/www.weldergoven.de\/index.php?rest_route=\/wp\/v2\/types\/page"}],"author":[{"embeddable":true,"href":"https:\/\/www.weldergoven.de\/index.php?rest_route=\/wp\/v2\/users\/6"}],"replies":[{"embeddable":true,"href":"https:\/\/www.weldergoven.de\/index.php?rest_route=%2Fwp%2Fv2%2Fcomments&post=206"}],"version-history":[{"count":5,"href":"https:\/\/www.weldergoven.de\/index.php?rest_route=\/wp\/v2\/pages\/206\/revisions"}],"predecessor-version":[{"id":330,"href":"https:\/\/www.weldergoven.de\/index.php?rest_route=\/wp\/v2\/pages\/206\/revisions\/330"}],"up":[{"embeddable":true,"href":"https:\/\/www.weldergoven.de\/index.php?rest_route=\/wp\/v2\/pages\/10"}],"wp:attachment":[{"href":"https:\/\/www.weldergoven.de\/index.php?rest_route=%2Fwp%2Fv2%2Fmedia&parent=206"}],"curies":[{"name":"wp","href":"https:\/\/api.w.org\/{rel}","templated":true}]}}