{"id":204,"date":"2009-12-05T19:25:34","date_gmt":"2009-12-05T18:25:34","guid":{"rendered":"http:\/\/www.weldergoven.de\/wordpress\/?page_id=204"},"modified":"2010-01-29T19:56:21","modified_gmt":"2010-01-29T18:56:21","slug":"sankt-hubertus","status":"publish","type":"page","link":"https:\/\/www.weldergoven.de\/?page_id=204","title":{"rendered":"Sankt Hubertus"},"content":{"rendered":"<p>Sankt Hubertus als Patron der Reiter und J\u00e4ger, aber auch als Schutzpatron gegen die Tollwut verehrt, gilt als Weldergovens Schutzheiliger. \u00dcber diese Tradition wird wie folgt berichtet: &#8222;Au\u00dferdem zogen die Einwohner von Weldergoven am Hubertustag in einer Prozession zur Pfarrkirche, wo sie zu Ehren des Heiligen ein Hochamt h\u00f6rten. Auf dem Weg f\u00fchrten sie eine gro\u00dfe Statue des Bischofs Hubertus mit sich. Dabei d\u00fcrfte es sich um die Figur aus der alten (Hennefer) Pfarrkirche gehandelt haben, die in dem neugotischen Bau keinen Platz mehr fand und 1909 feierlich in dem in der Mitte des Dorfes (Weldergoven) errichteten Heiligenh\u00e4uschen aufgestellt wurde. Das noch vorhandene Gipsbildwerk stammt wohl aus dem 19. Jahrhundert. Wie die Siedlung zu ihrem Patron gelangte, ist ebenfalls unklar. Nach dem Abgang von Brotweihe und Prozession hielten die Weldergovener Einwohner jedoch an der Tradition fest, am 3. November zu Ehren des heiligen Hubertus eine Messe lesen zu lassen. 1902, 1915, 1938 und sogar nach der Eingliederung in Pfarre Liebfrauen Hennef (Warth) wurde noch im Jahre 1942 nach altem Brauch in der ehemaligen Pfarrkirche eine Hubertusmesse f\u00fcr Weldergoven gefeiert&#8220;. Dies sind die ersten uns bekannt gewordenen religi\u00f6sen Feierlichkeiten, die sich auf Weldergoven beziehen.<\/p>\n<h6 style=\"text-align: center;\">            \n\t\t<div class=\"ngg-gallery-singlepic-image ngg-center\" style=\"max-width: 152px\">\n\t\t\t    \t<a href=\"https:\/\/www.weldergoven.de\/wp-content\/gallery\/geschichte\/histbild21.jpg\"\n\t\t     title=\"Historisches Bild21\"\n             data-src=\"https:\/\/www.weldergoven.de\/wp-content\/gallery\/geschichte\/histbild21.jpg\"\n             data-thumbnail=\"https:\/\/www.weldergoven.de\/wp-content\/gallery\/geschichte\/thumbs\/thumbs_histbild21.jpg\"\n             data-image-id=\"110\"\n             data-title=\"histbild21\"\n             data-description=\"Historisches Bild21\"\n             target='_self'\n             class=\"ngg-fancybox\" rel=\"ee9cba60ded0b5c6c37876f62176ea19\">\n            <img class=\"ngg-singlepic\"\n             src=\"https:\/\/www.weldergoven.de\/wp-content\/gallery\/geschichte\/cache\/histbild21.jpg-nggid03110-ngg0dyn-152x250x100-00f0w010c010r110f110r010t010.jpg\"\n             alt=\"histbild21\"\n             title=\"histbild21\"\n              width=\"152\"               \/>\n    \t<\/a>\n\t\t      <\/div>\n        <\/h6>\n<h6 style=\"text-align: center;\">Sankt Hubertus Skulptur<\/h6>\n<p>Erst in neuerer Zeit\u00a0 ist von festlichen Veranstaltungen der katholischen Pfarrgemeinde Liebfrauen in Warth, der das Dorf seit 1942 angeh\u00f6rt, zu berichten. Sowohl unter der Leitung von Pfarrer Heinz B\u00fcsching das Pfarrfest zu Fronleichnam am 17. Juni 1976 erstmals in Weldergoven begangen. Von Warth aus f\u00fchrte die Prozession unter Teilnahme der Sch\u00fctzenbr\u00fcderschaft und gro\u00dfer Beteiligung der Bev\u00f6lkerung nach Weldergoven. Dort wurde am Sankt Hubertus-H\u00e4uschen der Segen gegeben, und weiter ging es durch den mit F\u00e4hnchen und Allt\u00e4rchen geschm\u00fcckten Ort zum Siegdamm an der G\u00f6ttertsbitze. Hier war das restaurierte Prozessionskreuz von der nach ihm benannten Kreuzstra\u00dfe f\u00fcr diese Gelegenheit aufgestellt worden, und vor ihm wurde nun die heilige Messe gelesen. Es war eine fr\u00f6hliche, bunte Feier, begleitet vom Gesang des Kirchenchores und der Gl\u00e4ubigen. Von dort ging es nahtlos in das weltliche Fest auf der sonnigen Siegwiese \u00fcber. Nach diesem bew\u00e4hrten Muster lief dann auch das n\u00e4chste Pfarrfest in Weldergoven nach 5 Jahren am 18. Juni 1981 ab.<\/p>\n<p>Zu Ehren des Weldergovener Dorfpatrons St. Hubertus wurde in Ankn\u00fcpfung an die alte Tradition am 4. November 1989 eine heilige Messe gelesen, die sowohl den Bewohnern des Dorfes, als auch dem St. Hubertus-Sch\u00fctzen aus Warth, wie den Reiterinnen vom Allnerhof gewidmet. Von dort aus begleiteten Letztere hoch zu Ro\u00df die Sch\u00fctzen nach Weldergoven.<\/p>\n<h6 style=\"text-align: center;\">            \n\t\t<div class=\"ngg-gallery-singlepic-image ngg-center\" style=\"max-width: 230px\">\n\t\t\t    \t<a href=\"https:\/\/www.weldergoven.de\/wp-content\/gallery\/geschichte\/bild_hubertusplastik.jpg\"\n\t\t     title=\"Hubertusplastik\"\n             data-src=\"https:\/\/www.weldergoven.de\/wp-content\/gallery\/geschichte\/bild_hubertusplastik.jpg\"\n             data-thumbnail=\"https:\/\/www.weldergoven.de\/wp-content\/gallery\/geschichte\/thumbs\/thumbs_bild_hubertusplastik.jpg\"\n             data-image-id=\"94\"\n             data-title=\"bild_hubertusplastik\"\n             data-description=\"Hubertusplastik\"\n             target='_self'\n             class=\"ngg-fancybox\" rel=\"19af34494b068f31d1e7e2d84f8a2ebd\">\n            <img class=\"ngg-singlepic\"\n             src=\"https:\/\/www.weldergoven.de\/wp-content\/gallery\/geschichte\/cache\/bild_hubertusplastik.jpg-nggid0294-ngg0dyn-230x245x100-00f0w010c010r110f110r010t010.jpg\"\n             alt=\"bild_hubertusplastik\"\n             title=\"bild_hubertusplastik\"\n              width=\"230\"               \/>\n    \t<\/a>\n\t\t      <\/div>\n        <\/h6>\n<h6 style=\"text-align: center;\">Keramikrelief, Sankt Hubertus mit seinen Attributen dargestellt, in der Dorfscheune, geschaffen von Felix Oudin in Bonnieux, Provence. 1992 dem Dorf gestiftet.<\/h6>\n<p>Dieser Veranstaltung war ein Aufsehen erregender Diebstahl der Heiligenskulptur voraus gegangen. Am 29. Juli 1989 morgens, wurde das Heiligenh\u00e4uschen ausgeraubt vorgefunden. Wenn gleich die Gipsfigur keinen bedeutenden materiellen Wert besitzt, war doch das Erschrecken ob des Verschwindens dieses liebgewordenen Heiligen gro\u00df, der in seiner abendlichen Kerzenbeleuchtung den Frieden des Dorfes symbolisiert. Gl\u00fccklicherweise wurde der wohl etwas d\u00fcmmliche T\u00e4ter bald gefasst, und schon am 11. August konnte die Statue bei der Kriminalpolizei in Siegburg wieder abgeholt werden. Nach einer Restaurierung kam er in sein Geh\u00e4use zur\u00fcck. \u00dcber den \u00f6kumenischen Gottesdienst zur Einweihung der Dorfscheune 1991 wird dort berichtet. Das n\u00e4chste Pfarrfest mit Fronleichnamsprozession und heiliger Messe am St. Hubertus-Kapellchen fand am 10. Juni 1993 in Weldergoven statt.<\/p>\n","protected":false},"excerpt":{"rendered":"<p>Sankt Hubertus als Patron der Reiter und J\u00e4ger, aber auch als Schutzpatron gegen die Tollwut verehrt, gilt als Weldergovens Schutzheiliger. \u00dcber diese Tradition wird wie folgt berichtet: &#8222;Au\u00dferdem zogen die <a class=\"more-link\" href=\"https:\/\/www.weldergoven.de\/?page_id=204\">Continue Reading &amp;amp;amp;amp;amp;rarr;<\/a><\/p>\n","protected":false},"author":6,"featured_media":0,"parent":10,"menu_order":5,"comment_status":"closed","ping_status":"closed","template":"","meta":{"ngg_post_thumbnail":0,"footnotes":""},"class_list":["post-204","page","type-page","status-publish","hentry"],"_links":{"self":[{"href":"https:\/\/www.weldergoven.de\/index.php?rest_route=\/wp\/v2\/pages\/204","targetHints":{"allow":["GET"]}}],"collection":[{"href":"https:\/\/www.weldergoven.de\/index.php?rest_route=\/wp\/v2\/pages"}],"about":[{"href":"https:\/\/www.weldergoven.de\/index.php?rest_route=\/wp\/v2\/types\/page"}],"author":[{"embeddable":true,"href":"https:\/\/www.weldergoven.de\/index.php?rest_route=\/wp\/v2\/users\/6"}],"replies":[{"embeddable":true,"href":"https:\/\/www.weldergoven.de\/index.php?rest_route=%2Fwp%2Fv2%2Fcomments&post=204"}],"version-history":[{"count":4,"href":"https:\/\/www.weldergoven.de\/index.php?rest_route=\/wp\/v2\/pages\/204\/revisions"}],"predecessor-version":[{"id":328,"href":"https:\/\/www.weldergoven.de\/index.php?rest_route=\/wp\/v2\/pages\/204\/revisions\/328"}],"up":[{"embeddable":true,"href":"https:\/\/www.weldergoven.de\/index.php?rest_route=\/wp\/v2\/pages\/10"}],"wp:attachment":[{"href":"https:\/\/www.weldergoven.de\/index.php?rest_route=%2Fwp%2Fv2%2Fmedia&parent=204"}],"curies":[{"name":"wp","href":"https:\/\/api.w.org\/{rel}","templated":true}]}}