{"id":202,"date":"2009-12-05T19:24:56","date_gmt":"2009-12-05T18:24:56","guid":{"rendered":"http:\/\/www.weldergoven.de\/wordpress\/?page_id=202"},"modified":"2010-09-02T19:45:47","modified_gmt":"2010-09-02T18:45:47","slug":"die-fahrnachen","status":"publish","type":"page","link":"https:\/\/www.weldergoven.de\/?page_id=202","title":{"rendered":"Die F\u00e4hrnachen"},"content":{"rendered":"<p>Die F\u00e4hrnachen waren neben der Furt lange Zeit eine wichtige M\u00f6glichkeit der Fluss\u00fcberque- rung. Diente die Furt haupts\u00e4chlich dem Waren- und landwirtschaftlichen Transport, wurden die F\u00e4hrnachen haupts\u00e4chlich f\u00fcr Personen\u00fcberfahrten genutzt. F\u00fcr alle Siegf\u00e4hren galt der preu\u00dfische F\u00e4hrtarif von 1830, der im Jahre 1846 auch noch mal f\u00fcr Weldergoven best\u00e4tigt wurde. Die Preise staffelten sich von 3 Pfennig f\u00fcr eine Person bei normaler \u00dcberfahrt bis hin zu 3 Groschen f\u00fcr ein beladenes Fuhrwerk. Befreiungen gab es f\u00fcr Haustiere, Milit\u00e4rs, \u00f6ffentliche Beamte, Staatstransporte und sonstige Hilfsfuhren.<\/p>\n<p>Nach dem Verzeichnis der Siegf\u00e4hren vom 15.4.1846 verf\u00fcgte man in Weldergoven \u00fcber zwei Nachen. Die F\u00e4hrgerechtsame war damals an Peter Brennerscheid in Weldergoven verpachtet.\u00a0 Folgende Ma\u00dfe sind f\u00fcr die Nachen angegeben:<\/p>\n<p><strong>1. Nachen:<\/strong><br \/>\n<em>L\u00e4nge\u00a0 40, Breite 5, Tiefe 2 1\/4 <strong>preu\u00df. Fu\u00df<\/strong><br \/>\nL\u00e4nge 12,56, Breite 1,57, Tiefe 0.70 <strong>Meter<\/strong><\/em><\/p>\n<p><strong>2. Nachen:<\/strong><br \/>\n<em>L\u00e4nge 30, Breite 2 3\/4, Tiefe 1 1\/2 <strong>preu\u00df. Fu\u00df<\/strong><br \/>\nL\u00e4nge 9,42, Breite 0,86, Tiefe 0,47 <strong>Meter<\/strong><\/em><\/p>\n<p>Mit diesen Gef\u00e4hrten waren ganz sicher keine Fuhrwerke oder gr\u00f6\u00dfere Tiere \u00fcber die Sieg zu setzen, zumal diese ohnehin viel eher die Furt benutzt haben d\u00fcrften, die ja dazu kostenlos zur Verf\u00fcgung stand. Der Preu\u00dfische Staat verlangte \u00fcbrigens, dass der F\u00e4hrtarif an der \u00dcbersetzungsstelle aushing und \u00fcberwachte dies. So registrierte der Siegkreis schon unter dem 22.10.1845: &#8222;Weldergoven, die vorschriftsm\u00e4\u00dfige Tafel ist vorhanden&#8220;.<\/p>\n<h6 style=\"text-align: center;\">            \n\t\t<div class=\"ngg-gallery-singlepic-image ngg-center\" style=\"max-width: 374px\">\n\t\t\t    \t<a href=\"https:\/\/www.weldergoven.de\/wp-content\/gallery\/geschichte\/histbild4.jpg\"\n\t\t     title=\"Historisches Bild4\"\n             data-src=\"https:\/\/www.weldergoven.de\/wp-content\/gallery\/geschichte\/histbild4.jpg\"\n             data-thumbnail=\"https:\/\/www.weldergoven.de\/wp-content\/gallery\/geschichte\/thumbs\/thumbs_histbild4.jpg\"\n             data-image-id=\"112\"\n             data-title=\"histbild4\"\n             data-description=\"Historisches Bild4\"\n             target='_self'\n             class=\"ngg-fancybox\" rel=\"7db7d8ab253f0247fdabfeafc723abec\">\n            <img class=\"ngg-singlepic\"\n             src=\"https:\/\/www.weldergoven.de\/wp-content\/gallery\/geschichte\/cache\/histbild4.jpg-nggid03112-ngg0dyn-374x225x100-00f0w010c010r110f110r010t010.jpg\"\n             alt=\"histbild4\"\n             title=\"histbild4\"\n              width=\"374\"               \/>\n    \t<\/a>\n\t\t      <\/div>\n        <\/h6>\n<h6 style=\"text-align: center;\">Der F\u00e4hrnachen wird auch zum Badeverg\u00fcgen genutzt (um 1930)<\/h6>\n<p>Der Weldergovener &#8222;Dorfchronik&#8220; von 1960 ist zu entnehmen, dass auf dem Hennefer Friedhof ein inzwischen verschwundener Grabstein f\u00fcr den F\u00e4hrmann Zehrgesell stand, der die Inschrift trug: &#8222;Er war der letzte F\u00e4hrmann von Welderkoven.&#8220; Bei Festen soll er als Musikant aufgetreten sein und zum Tanz die Geige gespielt haben, denn das F\u00e4hrhaus diente zugleich als Wirtschaft. Im Nebenerwerb ist der F\u00e4hrbetrieb aber noch bis etwa 1948-50 von Willi Happ und seiner Ehefrau Helene aufrecht erhalten worden. Sie bewohnten das Haus nahe der Anlegestelle, Stra\u00dfe Zum Br\u00fcnnchen Nummer 18, und wer \u00fcbergesetzt werden wollte, klopfte bei Happs an die T\u00fcr oder rief von der anderen Seite nach dem F\u00e4hrmann.<\/p>\n<h6 style=\"text-align: center;\">            \n\t\t<div class=\"ngg-gallery-singlepic-image ngg-center\" style=\"max-width: 374px\">\n\t\t\t    \t<a href=\"https:\/\/www.weldergoven.de\/wp-content\/gallery\/geschichte\/histbild16.jpg\"\n\t\t     title=\"Historisches Bild16\"\n             data-src=\"https:\/\/www.weldergoven.de\/wp-content\/gallery\/geschichte\/histbild16.jpg\"\n             data-thumbnail=\"https:\/\/www.weldergoven.de\/wp-content\/gallery\/geschichte\/thumbs\/thumbs_histbild16.jpg\"\n             data-image-id=\"104\"\n             data-title=\"histbild16\"\n             data-description=\"Historisches Bild16\"\n             target='_self'\n             class=\"ngg-fancybox\" rel=\"66347d7ed688d443ea45e9addb02815d\">\n            <img class=\"ngg-singlepic\"\n             src=\"https:\/\/www.weldergoven.de\/wp-content\/gallery\/geschichte\/cache\/histbild16.jpg-nggid03104-ngg0dyn-374x256x100-00f0w010c010r110f110r010t010.jpg\"\n             alt=\"histbild16\"\n             title=\"histbild16\"\n              width=\"374\"               \/>\n    \t<\/a>\n\t\t      <\/div>\n        <\/h6>\n<h6 style=\"text-align: center;\">Haus Nummer 17 der F\u00e4hrleute Happ um 1940<\/h6>\n","protected":false},"excerpt":{"rendered":"<p>Die F\u00e4hrnachen waren neben der Furt lange Zeit eine wichtige M\u00f6glichkeit der Fluss\u00fcberque- rung. Diente die Furt haupts\u00e4chlich dem Waren- und landwirtschaftlichen Transport, wurden die F\u00e4hrnachen haupts\u00e4chlich f\u00fcr Personen\u00fcberfahrten genutzt. <a class=\"more-link\" href=\"https:\/\/www.weldergoven.de\/?page_id=202\">Continue Reading &amp;amp;amp;amp;amp;rarr;<\/a><\/p>\n","protected":false},"author":6,"featured_media":0,"parent":10,"menu_order":4,"comment_status":"closed","ping_status":"closed","template":"","meta":{"ngg_post_thumbnail":0,"footnotes":""},"class_list":["post-202","page","type-page","status-publish","hentry"],"_links":{"self":[{"href":"https:\/\/www.weldergoven.de\/index.php?rest_route=\/wp\/v2\/pages\/202","targetHints":{"allow":["GET"]}}],"collection":[{"href":"https:\/\/www.weldergoven.de\/index.php?rest_route=\/wp\/v2\/pages"}],"about":[{"href":"https:\/\/www.weldergoven.de\/index.php?rest_route=\/wp\/v2\/types\/page"}],"author":[{"embeddable":true,"href":"https:\/\/www.weldergoven.de\/index.php?rest_route=\/wp\/v2\/users\/6"}],"replies":[{"embeddable":true,"href":"https:\/\/www.weldergoven.de\/index.php?rest_route=%2Fwp%2Fv2%2Fcomments&post=202"}],"version-history":[{"count":6,"href":"https:\/\/www.weldergoven.de\/index.php?rest_route=\/wp\/v2\/pages\/202\/revisions"}],"predecessor-version":[{"id":325,"href":"https:\/\/www.weldergoven.de\/index.php?rest_route=\/wp\/v2\/pages\/202\/revisions\/325"}],"up":[{"embeddable":true,"href":"https:\/\/www.weldergoven.de\/index.php?rest_route=\/wp\/v2\/pages\/10"}],"wp:attachment":[{"href":"https:\/\/www.weldergoven.de\/index.php?rest_route=%2Fwp%2Fv2%2Fmedia&parent=202"}],"curies":[{"name":"wp","href":"https:\/\/api.w.org\/{rel}","templated":true}]}}