{"id":194,"date":"2009-12-05T19:22:24","date_gmt":"2009-12-05T18:22:24","guid":{"rendered":"http:\/\/www.weldergoven.de\/wordpress\/?page_id=194"},"modified":"2009-12-14T21:02:06","modified_gmt":"2009-12-14T20:02:06","slug":"resumee","status":"publish","type":"page","link":"https:\/\/www.weldergoven.de\/?page_id=194","title":{"rendered":"Resumee"},"content":{"rendered":"<p>F\u00fcr das Dorf Weldergoven, Ortsteil der Stadt Hennef, werden im Rahmen einer Dorferneuer- ungsplanung Entwicklungsziele formuliert. Die Planungsgruppe aus Stadt- und Landschaftsplanern hat nach der eingehenden Bestandsaufnahme und -bewertung s\u00e4mtlicher relevanter Daten in mehreren ausf\u00fchrlichen Gespr\u00e4chsrunden mit Vertretern der Interessengemeinschaft Weldergoven, der Verwaltung und des Rates der Stadt Hennef sowie den wichtigsten Tr\u00e4gern \u00f6ffentlicher Belange, vor allem mit dem Amt f\u00fcr Agrarordnung, schrittweise die Vorstellungen und Ziele f\u00fcr ein Leitbild und f\u00fcr konkrete Ma\u00dfnahmen der Realisierung entwickelt. Dabei wurden staatliche und st\u00e4dtische Planungsvorhaben mit denen der eigentlichen Dorferneuerung koordiniert und verkn\u00fcpft, so dass sich in einer Synergie Chancen f\u00fcr weitreichende Verbesserungen f\u00fcr den Ort Weldergoven und seine Bewohner ergeben.<\/p>\n<p>Der Katalog der vorgeschlagenen Ma\u00dfnahmen bildet den organisatorischen und r\u00e4umlichen Rahmen, der von der Dorfgemeinschaft auszuf\u00fcllen und mit Leben zu versehen ist. Deshalb sind auch in der Einsch\u00e4tzung der Dringlichkeit vor allem solche Ma\u00dfnahmen aufgef\u00fchrt, die geeignet sind, identit\u00e4tsstiftend und gemeinschaftsbildend zu wirken. Das Ergebnis der von allen Seiten mit Engagement und Geduld gef\u00fchrten Gespr\u00e4che l\u00e4sst erwarten, dass die angestrebte Annahme und lebendige Ausf\u00fcllung der Rahmenbedingungen eintreten wird und damit der Einsatz organisatorischer und finanzieller \u00f6ffentlicher Mittel f\u00fcr die Ma\u00dfnahme der Dorferneuerung gerechtfertigt ist.<\/p>\n<p>Auch wenn Weldergoven nicht mehr durch landwirtschaftliche Betriebe gepr\u00e4gt ist, sondern als reiner Wohnstandort fungiert, existieren eine Reihe von Bez\u00fcge und charakteristische Merkmale, mit den der Ort noch als Dorf sich kennzeichnen l\u00e4sst und von einer Dorfgemeinschaft gesprochen werden kann.<\/p>\n<p>Dazu geh\u00f6ren insbesondere:<\/p>\n<ul>\n<li> ein alter Dorfkern mit d\u00f6rflicher Bausubstanz, Stra\u00dfen und Wegen<\/li>\n<li>ein ausgepr\u00e4gter Landschaftszug, wie er f\u00fcr D\u00f6rfer generell besonders typisch ist, mit Bez\u00fcgen vor allem zur Siegaue<\/li>\n<li>eine lebendige Dorfgemeinschaft, die mit Dorfscheune und den hier regelm\u00e4\u00dfig stattfindenden Veranstaltungen und Festen einen Mittelpunkt hat.<\/li>\n<\/ul>\n<p>Die vorgeschlagenen Entwicklungsma\u00dfnahmen zielen daher auch folgerichtig auf die St\u00e4rkung der drei angesprochenen Wesensz\u00fcge Weldergovens:<\/p>\n<ul>\n<li>Entwicklung des Dorfkerns mit Dorfplatz, Ausbau Sieg- und Bodenstra\u00dfe, Sanierung der historischen Bausubstanz, Wege und Gr\u00fcnverbindungen im Ort, Baumpflanzungen, Gestaltung der G\u00e4rten<\/li>\n<li>St\u00e4rkung und Verbesserung der Au\u00dfenbez\u00fcge zur Siegaue im Zusammenhang mit dem Deichbau, Wegeverkn\u00fcpfungen, Spiel- und Freizeitangebote, Ortsrand-Gestaltungen im S\u00fcden und Westen<\/li>\n<li>F\u00f6rderung der gemeinschaftsbildenden Bestrebungen wie &#8222;Betrieb einer Siegf\u00e4hre&#8220;, Vereinsheim der Kleing\u00e4rtner, Jugendr\u00e4ume.<\/li>\n<\/ul>\n<p>Es ist ausf\u00fchrlich dargelegt, dass es nur mit der Kombination \u00f6ffentlicher und privater Ma\u00dfnahmen gelingen kann, das Erscheinungsbild Weldergovens nachhaltig zu verbessern. Ob dar\u00fcber hinaus Wege gesucht werden, den dargestellten Funktionsverlusten und der Entwicklung zu einem reinen Wohnort zumindest in Teilen mit Gegenma\u00dfnahmen zu begegnen, h\u00e4ngt vom Engagement der Bewohner ab. Die Dorfscheune und der aus der Gemeinschaft entstandene Gedanke f\u00fcr den F\u00e4hrbetrieb sind ein guter Ansatz, dar\u00fcber nachzudenken, ob Entwicklungen wie Gastst\u00e4tte oder Bauernladen eine Chance besitzen. Hierf\u00fcr werden im Zusammenhang mit der Wohnbebauung Hennef-Ost durchaus M\u00f6glichkeiten gesehen, da die Neub\u00fcrger im Hennefer Osten vielleicht eine Vorliebe f\u00fcr solche Angebote in Weldergoven entwickeln k\u00f6nnten. \u00dcber die &#8222;Landschaftsgebundenheit&#8220; Weldergovens lassen sich Bez\u00fcge zu ressourcenschonendem Denken und Verhalten gerade in einer Dorfgemeinschaft entwickeln. Im Rahmen der von der Stadt Hennef beschlossenen &#8222;Lokalen Agenda 21&#8220; bieten sich hier eine Reihe von M\u00f6glichkeiten im privaten Bereich an. F\u00fcr den Hennefer Osten sind in den n\u00e4chsten Jahren deutliche Ver\u00e4nderungen zu erwarten. Mit dem S-Bahn-Haltepunkt entstehen neue Wohngebiete, am Hossenberg ein modernes Gewerbegebiet. Weldergoven soll dabei weder in eine abgewertete Randlage noch in einen Druck durch die in Richtung Osten wachsende Stadt Hennef gebracht werden. Im Gegenteil kann es mit dem B\u00fcndel der vorgetragenen Ma\u00dfnahmen gelingen, dazu beizutragen, dass Weldergoven ein eigenst\u00e4ndiger Ort verbleibt und sich stabilisiert, die Dorfgemeinschaft gest\u00e4rkt und das \u00e4u\u00dfere Erscheinungsbild, damit die Wohn- und Aufenthaltsqualit\u00e4t, deutlich verbessert werden.<br \/>\n<strong>Beschluss des Ausschusses f\u00fcr Planung und Verkehr der Stadt Hennef (Sieg):<\/strong><br \/>\nDer Ausschuss f\u00fcr Planung und Verkehr der Stadt Hennef (Sieg) hat in seiner Sitzung am 10.02.1999 einstimmig beschlossen:<br \/>\nDie vorliegende Dorfentwicklungskonzeption Weldergoven wird mit den Ma\u00dfnahmen und dem Handlungskonzept unter Einbeziehung des Antrages der SPD-Fraktion, dass die Nutzung f\u00fcr die Kleingartenanlage festgeschrieben wird, da Kleingartenanlagen zunehmend soziale Bedeutung h\u00e4tten, beschlossen.<\/p>\n","protected":false},"excerpt":{"rendered":"<p>F\u00fcr das Dorf Weldergoven, Ortsteil der Stadt Hennef, werden im Rahmen einer Dorferneuer- ungsplanung Entwicklungsziele formuliert. Die Planungsgruppe aus Stadt- und Landschaftsplanern hat nach der eingehenden Bestandsaufnahme und -bewertung s\u00e4mtlicher <a class=\"more-link\" href=\"https:\/\/www.weldergoven.de\/?page_id=194\">Continue Reading &amp;amp;amp;amp;amp;rarr;<\/a><\/p>\n","protected":false},"author":6,"featured_media":0,"parent":3,"menu_order":7,"comment_status":"closed","ping_status":"closed","template":"","meta":{"ngg_post_thumbnail":0,"footnotes":""},"class_list":["post-194","page","type-page","status-publish","hentry"],"_links":{"self":[{"href":"https:\/\/www.weldergoven.de\/index.php?rest_route=\/wp\/v2\/pages\/194","targetHints":{"allow":["GET"]}}],"collection":[{"href":"https:\/\/www.weldergoven.de\/index.php?rest_route=\/wp\/v2\/pages"}],"about":[{"href":"https:\/\/www.weldergoven.de\/index.php?rest_route=\/wp\/v2\/types\/page"}],"author":[{"embeddable":true,"href":"https:\/\/www.weldergoven.de\/index.php?rest_route=\/wp\/v2\/users\/6"}],"replies":[{"embeddable":true,"href":"https:\/\/www.weldergoven.de\/index.php?rest_route=%2Fwp%2Fv2%2Fcomments&post=194"}],"version-history":[{"count":3,"href":"https:\/\/www.weldergoven.de\/index.php?rest_route=\/wp\/v2\/pages\/194\/revisions"}],"predecessor-version":[{"id":297,"href":"https:\/\/www.weldergoven.de\/index.php?rest_route=\/wp\/v2\/pages\/194\/revisions\/297"}],"up":[{"embeddable":true,"href":"https:\/\/www.weldergoven.de\/index.php?rest_route=\/wp\/v2\/pages\/3"}],"wp:attachment":[{"href":"https:\/\/www.weldergoven.de\/index.php?rest_route=%2Fwp%2Fv2%2Fmedia&parent=194"}],"curies":[{"name":"wp","href":"https:\/\/api.w.org\/{rel}","templated":true}]}}