{"id":1916,"date":"2012-01-21T14:33:13","date_gmt":"2012-01-21T13:33:13","guid":{"rendered":"http:\/\/www.weldergoven.de\/?page_id=1916"},"modified":"2018-06-21T19:57:59","modified_gmt":"2018-06-21T18:57:59","slug":"newsletter","status":"publish","type":"page","link":"https:\/\/www.weldergoven.de\/?page_id=1916","title":{"rendered":"Newsletter"},"content":{"rendered":"<h5>Liebe Weldergovener, liebe Nachbarn, Freunde und Besucher unserer Homepage.<\/h5>\n<p>\u00dcber diesen Newsletter k\u00f6nnen Sie per eMail \u00fcber alle Neuigkeiten und Veranstaltungen in Weldergoven informiert werden. Leider k\u00f6nnen wir nicht zu jeder Veranstaltung Rundbriefe im Dorf verteilen. Neben unserem Schaukasten ist ab sofort auch dieser Newsletter eine gute M\u00f6glichkeit stets aktuelle Informationen zu erhalten. Selbstverst\u00e4ndlich nutzen wir Ihre eMail-Adresse und weitere Daten nur f\u00fcr diesen Zweck. Die Daten werden NICHT an Dritte weitergegeben!<br \/>\nDie Newsletter enthalten jedesmal entsprechende Links um Ihre Kontaktdaten zu \u00e4ndern oder auch den Newsletter wieder abzubestellen.<\/p>\n<p>Um unseren Newsletter zu erhalten f&uuml;llen Sie bitte das folgende Formular aus.<\/p>\r\n<p>Sie erhalten eine Best&auml;tigungs-eMail an Ihre eMail-Adresse: Folgen Sie dann den Anweisungen um Ihre Anmeldung abzuschlie&szlig;en.<\/p><div class=\"tnp tnp-subscription\">\n<form method=\"post\" action=\"https:\/\/www.weldergoven.de\/?na=s\" onsubmit=\"return newsletter_check(this)\">\n\n<input type=\"hidden\" name=\"nlang\" value=\"\">\n<input type=\"hidden\" name=\"nr\" value=\"page\">\n<div class=\"tnp-field tnp-field-firstname\"><label>Vorname:<\/label><input class=\"tnp-firstname\" type=\"text\" name=\"nn\" ><\/div>\n<div class=\"tnp-field tnp-field-lastname\"><label>Nachname:<\/label><input class=\"tnp-lastname\" type=\"text\" name=\"ns\" ><\/div>\n<div class=\"tnp-field tnp-field-email\"><label>eMail-Adresse:<\/label><input class=\"tnp-email\" type=\"email\" name=\"ne\" required><\/div>\n<div class=\"tnp-field tnp-field-profile\"><label>IGW-Mitglied:<\/label><select class=\"tnp-profile tnp-profile-1\" name=\"np1\" required>\n<option><\/option>\n<option>k.a.<\/option>\n<option>Ja<\/option>\n<option>Nein<\/option>\n<\/select>\n<\/div><div class=\"tnp-field tnp-field-button\"><input class=\"tnp-submit\" type=\"submit\" value=\"Jetzt Anmelden!\">\n<\/div>\n<\/form>\n<\/div>\n\n<h6><span style=\"text-decoration: underline;\">Anmerkung:<\/span> Bei Nutzung des Newsletter stimmen Sie der Bearbeitung von personenbezogenen Daten auf der Webseite <a href=\"https:\/\/www.weldergoven.de\">www.weldergoven.de<\/a> zu. Weitere Details finden Sie in unseren Erkl\u00e4rungen zum <a href=\"https:\/\/www.weldergoven.de\/?page_id=3462\">Datenschutz<\/a>.<\/h6>\n","protected":false},"excerpt":{"rendered":"<p>Liebe Weldergovener, liebe Nachbarn, Freunde und Besucher unserer Homepage. \u00dcber diesen Newsletter k\u00f6nnen Sie per eMail \u00fcber alle Neuigkeiten und Veranstaltungen in Weldergoven informiert werden. Leider k\u00f6nnen wir nicht zu <a class=\"more-link\" href=\"https:\/\/www.weldergoven.de\/?page_id=1916\">Continue Reading &amp;amp;amp;amp;amp;rarr;<\/a><\/p>\n","protected":false},"author":6,"featured_media":0,"parent":0,"menu_order":8,"comment_status":"closed","ping_status":"closed","template":"","meta":{"ngg_post_thumbnail":0,"footnotes":""},"class_list":["post-1916","page","type-page","status-publish","hentry"],"_links":{"self":[{"href":"https:\/\/www.weldergoven.de\/index.php?rest_route=\/wp\/v2\/pages\/1916","targetHints":{"allow":["GET"]}}],"collection":[{"href":"https:\/\/www.weldergoven.de\/index.php?rest_route=\/wp\/v2\/pages"}],"about":[{"href":"https:\/\/www.weldergoven.de\/index.php?rest_route=\/wp\/v2\/types\/page"}],"author":[{"embeddable":true,"href":"https:\/\/www.weldergoven.de\/index.php?rest_route=\/wp\/v2\/users\/6"}],"replies":[{"embeddable":true,"href":"https:\/\/www.weldergoven.de\/index.php?rest_route=%2Fwp%2Fv2%2Fcomments&post=1916"}],"version-history":[{"count":19,"href":"https:\/\/www.weldergoven.de\/index.php?rest_route=\/wp\/v2\/pages\/1916\/revisions"}],"predecessor-version":[{"id":3472,"href":"https:\/\/www.weldergoven.de\/index.php?rest_route=\/wp\/v2\/pages\/1916\/revisions\/3472"}],"wp:attachment":[{"href":"https:\/\/www.weldergoven.de\/index.php?rest_route=%2Fwp%2Fv2%2Fmedia&parent=1916"}],"curies":[{"name":"wp","href":"https:\/\/api.w.org\/{rel}","templated":true}]}}