{"id":182,"date":"2009-12-05T19:16:41","date_gmt":"2009-12-05T18:16:41","guid":{"rendered":"http:\/\/www.weldergoven.de\/wordpress\/?page_id=182"},"modified":"2010-01-29T18:35:17","modified_gmt":"2010-01-29T17:35:17","slug":"untersuchungsraum","status":"publish","type":"page","link":"https:\/\/www.weldergoven.de\/?page_id=182","title":{"rendered":"Untersuchungsraum"},"content":{"rendered":"<h5>2.1 Lage im Raum<\/h5>\n<p>Die Stadt Hennef und der Ortsteil Weldergoven liegen in einem Landschaftsraum, in dem mehrere naturr\u00e4umliche Einheiten aufeinandertreffen. F\u00fcr solche Grenzlandschaften ist eine hohe und reizvolle Vielfalt an landschaftlichen Strukturen und nat\u00fcrlichen Gegebenheiten kennzeichnend.<\/p>\n<p>Die Lagegunst Weldergovens wird begr\u00fcndet durch diese landschaftsr\u00e4umlichen Vorz\u00fcge, bei gleichzeitiger N\u00e4he zum Hauptsiedlungsbereich von Hennef, der weniger als 1 km und dem Zentrum Hennef, das 2 km entfernt liegt. Der Bahnhof Hennef und zuk\u00fcnftig auch der Haltepunkt Hennef-Ost, der in wenigen Minuten zu Fu\u00df erreichbar sein wird (von der Dorfmitte 550 m, vom Siedlungsrand 250 m) bieten gute Verbindungen nach K\u00f6ln und Siegen. Der geplante 20-Minuten-Takt stellt ein leistungsf\u00e4higes Angebot des \u00f6ffentlichen Personennahverkehrs dar, das durch die \u00f6rtliche Busbedienung noch unterst\u00fctzt wird.<\/p>\n<p>Die Anschlussstelle der Autobahn A 560 liegt in unmittelbarer N\u00e4he. Hier\u00fcber sind Bonn und die A3 Richtung K\u00f6ln\/Oberhausen bzw. Frankfurt in kurzer Zeit zu erreichen. Die B 478, die B 8 und die L 333 schlie\u00dfen Weldergoven nach Norden, Osten und S\u00fcden an. Diese Verkehrsinfrastruktur pr\u00e4gt neben der attraktiven landschaftsr\u00e4umlichen Situation den Untersuchungsraum und tr\u00e4gt zu der besonderen Nachfrage nach Wohnraum bei. Die Voraussetzungen sind verantwortlich f\u00fcr den siedlungsr\u00e4umlichen Druck, der das Dorf Weldergoven zu einem Ort zwischen Stadt und Land entwickelt hat.<\/p>\n<h5>2.2 Abgrenzung<\/h5>\n<p>Das engere Untersuchungsgebiet umfasst die Dorflage und einen nach S\u00fcden und Osten zu qualifizierenden Randbereich. Es ber\u00fccksichtigt die Grenze des Siegauenprogramms und der Rahmenplanung Hennef-Ost. In diesem engeren Untersuchungsgebiet werden s\u00e4mtliche Inhalte analysiert und bewertet, hierauf ist auch das Ma\u00dfnahmen- und Gestaltungskonzept f\u00fcr Weldergoven bezogen.<\/p>\n<p>Das Dorferneuerungskonzept w\u00fcrde jedoch aufgrund dieser r\u00e4umlich engen Abgrenzung seinen formulierten Anspr\u00fcchen nicht gerecht werden, bez\u00f6ge man die angrenzenden Landschaftsr\u00e4ume nicht mit ein. Deshalb wurden die r\u00e4umlich-funktionalen und \u00f6kologischen Abh\u00e4ngigkeiten zwischen Weldergoven und seinem Umfeld und die Einbindung der Ma\u00dfnahmen in den angrenzenden Raum untersucht und dargestellt.<\/p>\n<h6 style=\"text-align: center;\">            \n\t\t<div class=\"ngg-gallery-singlepic-image ngg-center\" style=\"max-width: 500px\">\n\t\t\t    \t<a href=\"https:\/\/www.weldergoven.de\/wp-content\/gallery\/dorfentwicklungskonzept\/plan_untersuchungsraum.jpg\"\n\t\t     title=\"Der Untersuchungsraum\"\n             data-src=\"https:\/\/www.weldergoven.de\/wp-content\/gallery\/dorfentwicklungskonzept\/plan_untersuchungsraum.jpg\"\n             data-thumbnail=\"https:\/\/www.weldergoven.de\/wp-content\/gallery\/dorfentwicklungskonzept\/thumbs\/thumbs_plan_untersuchungsraum.jpg\"\n             data-image-id=\"91\"\n             data-title=\"plan_untersuchungsraum\"\n             data-description=\"Der Untersuchungsraum\"\n             target='_self'\n             class=\"ngg-fancybox\" rel=\"54fb6cf37310aabf80f733ad9dc574c5\">\n            <img class=\"ngg-singlepic\"\n             src=\"https:\/\/www.weldergoven.de\/wp-content\/gallery\/dorfentwicklungskonzept\/cache\/plan_untersuchungsraum.jpg-nggid0291-ngg0dyn-500x454x100-00f0w010c010r110f110r010t010.jpg\"\n             alt=\"plan_untersuchungsraum\"\n             title=\"plan_untersuchungsraum\"\n              width=\"500\"               \/>\n    \t<\/a>\n\t\t      <\/div>\n        <br \/>\n            \n\t\t<div class=\"ngg-gallery-singlepic-image ngg-center\" style=\"max-width: 500px\">\n\t\t\t    \t<a href=\"https:\/\/www.weldergoven.de\/wp-content\/gallery\/dorfentwicklungskonzept\/legende_untersuchungsraum.gif\"\n\t\t     title=\"\"\n             data-src=\"https:\/\/www.weldergoven.de\/wp-content\/gallery\/dorfentwicklungskonzept\/legende_untersuchungsraum.gif\"\n             data-thumbnail=\"https:\/\/www.weldergoven.de\/wp-content\/gallery\/dorfentwicklungskonzept\/thumbs\/thumbs_legende_untersuchungsraum.gif\"\n             data-image-id=\"71\"\n             data-title=\"legende_untersuchungsraum\"\n             data-description=\"\"\n             target='_self'\n             class=\"ngg-fancybox\" rel=\"6104d76a03295b97aed76357451d46dd\">\n            <img class=\"ngg-singlepic\"\n             src=\"https:\/\/www.weldergoven.de\/wp-content\/gallery\/dorfentwicklungskonzept\/cache\/legende_untersuchungsraum.gif-nggid0271-ngg0dyn-500x100x100-00f0w010c010r110f110r010t010.gif\"\n             alt=\"legende_untersuchungsraum\"\n             title=\"legende_untersuchungsraum\"\n              width=\"500\"               \/>\n    \t<\/a>\n\t\t      <\/div>\n        <\/h6>\n<h6 style=\"text-align: center;\">Plan: Der Untersuchungsraum<\/h6>\n<h5>2.3 Naturr\u00e4umliche Zusammenh\u00e4nge und \u00f6kologische Grundlagen<\/h5>\n<p>Das Planungsgebiet im Osten der Stadt befindet sich am \u00e4u\u00dfersten westlichen Rand des Mittelsieg-Berglandes. Die Siegaue und ihre begleitenden Berg- und H\u00fcgelketten werden diesem Naturraum zugerechnet. Durch die Randlage Weldergovens in diesem Naturraum und die N\u00e4he zu anderen naturr\u00e4umlichen Einheiten ergibt sich im Gebiet eine gewisse Mischung der charakteristischen naturr\u00e4umlichen Merkmale. Bei den angrenzenden Naturr\u00e4umen handelt es sich um die &#8222;Bergischen Hochfl\u00e4chen&#8220; im Norden, die &#8222;K\u00f6ln-Bonner-Rheinebene&#8220; im Westen und das &#8222;Untere Mittelrheingebiet&#8220; im S\u00fcden.<\/p>\n<p>Das Klima des Untersuchungsgebietes ist von atlantisch-ozeanischer Pr\u00e4gung. Die j\u00e4hrlichen Niederschl\u00e4ge erreichen Werte zwischen 900 mm und 1200 mm pro Jahr. Die j\u00e4hrliche Schwankung der Lufttemperatur liegt bei 16-17 Grad\/Celsius. Zusammen mit einer gem\u00e4\u00dfigten Jahresmitteltemperatur von ca. 9 Grad\/Celsius bedeutet dies eine lange Vegetationsperiode sowie milde Winter und nicht zu hei\u00dfe Sommer.<\/p>\n<h6 style=\"text-align: center;\">            \n\t\t<div class=\"ngg-gallery-singlepic-image ngg-center\" style=\"max-width: 435px\">\n\t\t\t    \t<a href=\"https:\/\/www.weldergoven.de\/wp-content\/gallery\/dorfentwicklungskonzept\/plan_naturraumeinordnung.gif\"\n\t\t     title=\"Naturraumeinordnung\"\n             data-src=\"https:\/\/www.weldergoven.de\/wp-content\/gallery\/dorfentwicklungskonzept\/plan_naturraumeinordnung.gif\"\n             data-thumbnail=\"https:\/\/www.weldergoven.de\/wp-content\/gallery\/dorfentwicklungskonzept\/thumbs\/thumbs_plan_naturraumeinordnung.gif\"\n             data-image-id=\"85\"\n             data-title=\"plan_naturraumeinordnung\"\n             data-description=\"Naturraumeinordnung\"\n             target='_self'\n             class=\"ngg-fancybox\" rel=\"38e47eafe8308c956b066ba9b439d3a1\">\n            <img class=\"ngg-singlepic\"\n             src=\"https:\/\/www.weldergoven.de\/wp-content\/gallery\/dorfentwicklungskonzept\/cache\/plan_naturraumeinordnung.gif-nggid0285-ngg0dyn-435x320x100-00f0w010c010r110f110r010t010.gif\"\n             alt=\"plan_naturraumeinordnung\"\n             title=\"plan_naturraumeinordnung\"\n              width=\"435\"               \/>\n    \t<\/a>\n\t\t      <\/div>\n        <\/h6>\n<h6 style=\"text-align: center;\">Plan: Naturr\u00e4umliche Einordnung<\/h6>\n<p>Die Bodenarten sind gekennzeichnet vom Typus der Braunerde mit \u00fcberwiegend schweren, tonigen bis lehmigen B\u00f6den. \u00d6rtlich, vor allem auf den Terrassen der Sieg wird die Bodeng\u00fcte durch eiszeitlich angewehten L\u00f6\u00df erheblich verbessert. Die B\u00f6den sind im allgemeinen flachgr\u00fcndig, der Gesteinsuntergrund h\u00e4ufig wasserundurchl\u00e4ssig, so dass anfallendes Niederschlagswasser nur in sehr geringem Umfang gespeichert wird. Die Quellsch\u00fcttungen und der Gew\u00e4sserabfluss sind daher in starkem Ma\u00dfe niederschlagsabh\u00e4ngig und unterliegen betr\u00e4chtlichen Schwankungen. Dies f\u00fchrt dazu, dass das Siegtal trotz sehr hoher Niederschl\u00e4ge wasserwirtschaftlich gesehen als Wassermangelgebiet eingestuft wird. Im Bereich des Siegtales kommen Auengleye vor, sandige Lehmb\u00f6den \u00fcber lehmigen Tonb\u00f6den entstanden aus Flussablagerungen (Alluvium).<\/p>\n<p>Die Landschaft im Osten von Hennef ist gepr\u00e4gt von landwirtschaftlicher Nutzung. Die Tallagen, insbesondere die Siegaue, die Weldergoven von Norden und Osten her umschlie\u00dft, sind \u00fcberwiegend von Gr\u00fcnlandfl\u00e4chen bedeckt. Auf den flacher geneigten H\u00e4ngen und Kuppen der umgebenden H\u00fcgel wird Ackerbau betrieben &#8211; so auch auf dem von S\u00fcdosten ausstreifenden Hossenberg, einer Aufragung des devonischen Grundgebirges, auf deren \u00e4u\u00dfersten n\u00f6rdlichen Ausl\u00e4ufern sich die Ortslage Weldergoven befindet.<\/p>\n<p>Der Grundgebirgssockel des Hossenbergs bildet, von Weldergoven ausgehend, nach S\u00fcdosten hin reich an H\u00f6he zunehmend, eine deutlich ausgepr\u00e4gte, steile Hangkante zum Siegtal (Prallhang der Sieg) hin aus. Diese ist geh\u00f6lzbestanden. Gr\u00f6\u00dfere, zusammenh\u00e4ngende Waldgebiete grenzen im Norden an den Untersuchungsraum an.<\/p>\n<h5>2.4 Planungsvorgaben<\/h5>\n<p>Der Gebietsentwicklungsplan f\u00fcr den Regierungsbezirk K\u00f6ln weist f\u00fcr den Untersuchungsraum Agrarbereich aus. Eine Plan\u00e4nderung (12.) f\u00fcr den Wohnsiedlungsbereich Hennef-Ost einschlie\u00dflich der Darstellung des S-Bahn-Haltepunktes wird derzeit von der Bezirksregierung K\u00f6ln durchgef\u00fchrt. Weldergoven ist dabei als bestehender Wohnsiedlungsbereich (besiedeltes Gebiet) dargestellt.<\/p>\n<p>Im Fl\u00e4chennutzungsplan der Stadt Hennef ist die alte Dorflage als gemischte Baufl\u00e4che und der \u00fcbrige Bereich eng um den Bestand begrenzt als Wohnbaufl\u00e4che ausgewiesen. Nach Westen und S\u00fcden grenzen Fl\u00e4chen f\u00fcr die Landwirtschaft an.<\/p>\n<h6 style=\"text-align: center;\">            \n\t\t<div class=\"ngg-gallery-singlepic-image ngg-center\" style=\"max-width: 500px\">\n\t\t\t    \t<a href=\"https:\/\/www.weldergoven.de\/wp-content\/gallery\/dorfentwicklungskonzept\/bild_sieg.jpg\"\n\t\t     title=\"Die Sieg\"\n             data-src=\"https:\/\/www.weldergoven.de\/wp-content\/gallery\/dorfentwicklungskonzept\/bild_sieg.jpg\"\n             data-thumbnail=\"https:\/\/www.weldergoven.de\/wp-content\/gallery\/dorfentwicklungskonzept\/thumbs\/thumbs_bild_sieg.jpg\"\n             data-image-id=\"61\"\n             data-title=\"bild_sieg\"\n             data-description=\"Die Sieg\"\n             target='_self'\n             class=\"ngg-fancybox\" rel=\"136108662b8d8f6b7a47393fbd554ab2\">\n            <img class=\"ngg-singlepic\"\n             src=\"https:\/\/www.weldergoven.de\/wp-content\/gallery\/dorfentwicklungskonzept\/cache\/bild_sieg.jpg-nggid0261-ngg0dyn-500x375x100-00f0w010c010r110f110r010t010.jpg\"\n             alt=\"bild_sieg\"\n             title=\"bild_sieg\"\n              width=\"500\"               \/>\n    \t<\/a>\n\t\t      <\/div>\n        <\/h6>\n<h6 style=\"text-align: center;\">Bild: Die Sieg<\/h6>\n<p>Hauptvorfluter und landschaftspr\u00e4gendes Gew\u00e4sser ist die Sieg. In Form des Sieg-Auen-Programms liegt ein Konzept f\u00fcr die Erhaltung der Sieg-Aue als eine naturnahe Landschaft vor. Der g\u00fcltige Fl\u00e4chennutzungsplan der Stadt Hennef weist im Bereich Weldergoven das Siegtal einschlie\u00dflich der steilen Hangkante des Hossenbergs als Landschaftsschutzgebiet aus. Im Entwurf zum Landschaftsplan Nr. 9 der Stadt Hennef &#8222;Uckerather Hochfl\u00e4che&#8220; gehen die Vorstellungen \u00fcber die Ausweisung von Landschaftsschutzgebieten weiter als im Fl\u00e4chennutzungsplan der Stadt Hennef: die gesamte Ortslage einschlie\u00dflich der landwirtschaftlichen Nutzfl\u00e4chen bis hin zur Bahnlinie im S\u00fcden bzw. bis zur Br\u00f6ltalstra\u00dfe (B 478) im Westen sind hier als Landschaftsschutzgebiet vorgesehen. Auch ist hier das s\u00fcdwestlich des Ortes auf einer Gel\u00e4ndestufe gelegene Feldgeh\u00f6lz als ein &#8222;gesch\u00e4tztes Landschaftsbestandteil, fl\u00e4chenhaft&#8220; vorgeschlagen, dieses f\u00e4llt bisher durch die Landschaftsschutzverordnung unter die Kategorie Landschaftsschutzgebiet.<\/p>\n<p>Der Dondorfer See im S\u00fcdosten Weldergovens ist mit seinen Uferzonen als Naturschutzgebiet ausgewiesen. Als \u00dcberschwemmungsgebiet ist die Siegaue festgesetzt. Der \u00dcberschwemmungsbereich der Sieg geht im Nordwesten Weldergovens nahe an die Ortslage heran.<\/p>\n<p>Innerhalb der Ortslage gibt es zwei rechtswirksame Bebauungspl\u00e4ne (05.01 &#8222;Auf der Harth&#8220; und 05.03. &#8222;im Dreckst\u00fcck&#8220;) die bereits 1977 (!) bzw. 1992 (05.03) Planungsrecht f\u00fcr die neuen Wohnsiedlungsbereiche im S\u00fcden und Westen geschaffen haben.<\/p>\n<p>Der Bebauungsplan 05.02 &#8222;In den Irlen&#8220; betrifft die noch nicht bebaute Nord-West-Ecke Weldergovens und befindet sich im Verfahren. Das Bauleitplanverfahren mit dem Ziel der Wohngebietsausweisung ist zun\u00e4chst nicht weitergef\u00fchrt worden, um die Belange der Wasserwirtschaft, besonders die Gr\u00f6\u00dfe des zu schaffenden Retentionsraumes weiter zu pr\u00fcfen und die laufenden Untersuchungen (Rahmenplanung Hennef-Ost und Dorfentwicklungskonzept Weldergoven) in die Plan\u00fcberlegungen einbeziehen zu k\u00f6nnen.<\/p>\n<p>Eine weitere Planungsvorgabe ist das Stadtentwicklungskonzept Hennef. Hierzu hat der Rat der Stadt Hennef am 15.06.1998 folgendes Leitbild beschlossen:<\/p>\n<p>&#8222;Entwicklung Hennefs in der Dualit\u00e4t von Stadt und Land&#8220; mit den Zielen:<\/p>\n<ul>\n<li>Stadt st\u00e4rken, wo Stadt ist,<\/li>\n<li>l\u00e4ndlichen Raum bewahren,<\/li>\n<li>Stadt am Fluss herausarbeiten,<\/li>\n<li>Zentrum st\u00e4rken,<\/li>\n<li>Bebauung konzentrieren,<\/li>\n<li>Freiraum sch\u00fctzen,<\/li>\n<li>D\u00f6rfer erhalten und &#8222;st\u00fctzen&#8220;<\/li>\n<li>eine Stadt, in der man arbeitet und lebt gestalten,<\/li>\n<li>den vorhandenen Gemeinschaftssinn der B\u00fcrgerschaft f\u00f6rdern,<\/li>\n<li>Hennef auf der Grundlage von Tradition und Aufgeschlossenheit weiterentwickeln,<\/li>\n<li>die Zukunft der Jugend durch ein umfassendes Bildungs-, Kultur- und Sportangebot sichern.<\/li>\n<\/ul>\n<p>Weiterhin hat der Rat beschlossen, ein behutsameres Wachstum als in den letzten 10 Jahren anzustreben, die Entwicklungspotentiale zu begrenzen und sich bei der Siedlungsentwicklung in erster Linie auf den &#8222;Zentralort&#8220; einschlie\u00dflich &#8222;Hennef-Ost&#8220; zu konzentrieren.<\/p>\n<p>Der Rat beschloss im einzelnen:<\/p>\n<p>&#8222;Eine Einwohnerzahl von rund 47.000 im Jahr 2010 der mittelfristigen Entwicklung Hennefs zugrunde zu legen. Als Entwicklungsperspektive werden insgesamt rund 50.000 Einwohner angestrebt.<\/p>\n<p>Eine behutsame Siedlungsentwicklung mit dem weitgehenden Erhalt des bestehenden Stadtgef\u00fcges, die den Grunds\u00e4tzen der Lokalen Agenda 21 folgt.<\/p>\n<p>Die Siedlungsentwicklung ist dabei in erster Linie auf den &#8222;Zentralort Hennef&#8220; einschlie\u00dflich Hennef-Ost zu konzentrieren. Der Siedlungsbereich Uckerath soll gest\u00e4rkt werden. Die Dorflagen sollen gesichert und ihre Eigenentwicklung gest\u00fctzt werden. Die Siedlungsentwicklung wird im wesentlichen auf die dargestellten Fl\u00e4chenpotentiale beschr\u00e4nkt. Eine weitere Inanspruchnahme von Freiraum soll vermieden werden.&#8220;<\/p>\n<p>F\u00fcr Weldergoven bedeutet dieser Sachstand die nachhaltige Unterst\u00fctzung der Ziele des Dorfentwicklungskonzeptes.<\/p>\n<p>Zur st\u00e4dtebaulichen Rahmenplanung Hennef-Ost wurden bereits im Kapitel 1. Einleitung, Rahmenbedingungen Ausf\u00fchrungen gemacht. Dar\u00fcber hinaus wird sie den stadtentwicklungsrelevanten Vorgaben bei der Detaillierung der Planinhalte in der 2. Bearbeitungsstufe Rechnung tragen.<\/p>\n<h6 style=\"text-align: center;\">            \n\t\t<div class=\"ngg-gallery-singlepic-image ngg-center\" style=\"max-width: 315px\">\n\t\t\t    \t<a href=\"https:\/\/www.weldergoven.de\/wp-content\/gallery\/dorfentwicklungskonzept\/plan_hennefost.gif\"\n\t\t     title=\"Hennef-Ost\"\n             data-src=\"https:\/\/www.weldergoven.de\/wp-content\/gallery\/dorfentwicklungskonzept\/plan_hennefost.gif\"\n             data-thumbnail=\"https:\/\/www.weldergoven.de\/wp-content\/gallery\/dorfentwicklungskonzept\/thumbs\/thumbs_plan_hennefost.gif\"\n             data-image-id=\"81\"\n             data-title=\"plan_hennefost\"\n             data-description=\"Hennef-Ost\"\n             target='_self'\n             class=\"ngg-fancybox\" rel=\"21d148aecdffccc0f3e2b7cb391318e3\">\n            <img class=\"ngg-singlepic\"\n             src=\"https:\/\/www.weldergoven.de\/wp-content\/gallery\/dorfentwicklungskonzept\/cache\/plan_hennefost.gif-nggid0281-ngg0dyn-315x375x100-00f0w010c010r110f110r010t010.gif\"\n             alt=\"plan_hennefost\"\n             title=\"plan_hennefost\"\n              width=\"315\"               \/>\n    \t<\/a>\n\t\t      <\/div>\n        <\/h6>\n<h6 style=\"text-align: center;\">Plan: St\u00e4dtebauliche Rahmenplanung Hennef-Ost, Stand Mai 1997<\/h6>\n","protected":false},"excerpt":{"rendered":"<p>2.1 Lage im Raum Die Stadt Hennef und der Ortsteil Weldergoven liegen in einem Landschaftsraum, in dem mehrere naturr\u00e4umliche Einheiten aufeinandertreffen. F\u00fcr solche Grenzlandschaften ist eine hohe und reizvolle Vielfalt <a class=\"more-link\" href=\"https:\/\/www.weldergoven.de\/?page_id=182\">Continue Reading &amp;amp;amp;amp;amp;rarr;<\/a><\/p>\n","protected":false},"author":6,"featured_media":0,"parent":3,"menu_order":2,"comment_status":"closed","ping_status":"closed","template":"","meta":{"ngg_post_thumbnail":0,"footnotes":""},"class_list":["post-182","page","type-page","status-publish","hentry"],"_links":{"self":[{"href":"https:\/\/www.weldergoven.de\/index.php?rest_route=\/wp\/v2\/pages\/182","targetHints":{"allow":["GET"]}}],"collection":[{"href":"https:\/\/www.weldergoven.de\/index.php?rest_route=\/wp\/v2\/pages"}],"about":[{"href":"https:\/\/www.weldergoven.de\/index.php?rest_route=\/wp\/v2\/types\/page"}],"author":[{"embeddable":true,"href":"https:\/\/www.weldergoven.de\/index.php?rest_route=\/wp\/v2\/users\/6"}],"replies":[{"embeddable":true,"href":"https:\/\/www.weldergoven.de\/index.php?rest_route=%2Fwp%2Fv2%2Fcomments&post=182"}],"version-history":[{"count":12,"href":"https:\/\/www.weldergoven.de\/index.php?rest_route=\/wp\/v2\/pages\/182\/revisions"}],"predecessor-version":[{"id":282,"href":"https:\/\/www.weldergoven.de\/index.php?rest_route=\/wp\/v2\/pages\/182\/revisions\/282"}],"up":[{"embeddable":true,"href":"https:\/\/www.weldergoven.de\/index.php?rest_route=\/wp\/v2\/pages\/3"}],"wp:attachment":[{"href":"https:\/\/www.weldergoven.de\/index.php?rest_route=%2Fwp%2Fv2%2Fmedia&parent=182"}],"curies":[{"name":"wp","href":"https:\/\/api.w.org\/{rel}","templated":true}]}}