{"id":17,"date":"2009-11-29T13:02:16","date_gmt":"2009-11-29T12:02:16","guid":{"rendered":"http:\/\/www.weldergoven.de\/wordpress\/?page_id=17"},"modified":"2026-01-19T15:31:15","modified_gmt":"2026-01-19T14:31:15","slug":"termine","status":"publish","type":"page","link":"https:\/\/www.weldergoven.de\/?page_id=17","title":{"rendered":"Termine"},"content":{"rendered":"<p><span style=\"color: #3366ff;\"><strong>Hinweis:<\/strong><\/span><br \/>\n<span style=\"color: #3366ff;\">Bitte verfolgt unseren Terminkalendar oder unsere kurzfristigen Ank\u00fcndigungen auch auf Facebook und Instagram (Links unter Social Media im Men\u00fc auf der rechten Seite).<\/span><\/p>\n<h5>Jahreskalender<\/h5>\n<p>\n<table cellspacing=\"1\" cellpadding=\"0\" class=\"calendar-table\">\n<tr>\n        <td colspan=\"7\" class=\"calendar-date-switcher\">\n            <form method=\"get\" action=\"\/index.php?rest_route=%2Fwp%2Fv2%2Fpages%2F17\">\n\n            Monat: <select name=\"month\" style=\"width:100px;\">\n            <option value=\"jan\">Januar<\/option>\n            <option value=\"feb\">Februar<\/option>\n            <option value=\"mar\">M\u00e4rz<\/option>\n            <option value=\"apr\" selected=\"selected\">April<\/option>\n            <option value=\"may\">Mai<\/option>\n            <option value=\"jun\">Juni<\/option>\n            <option value=\"jul\">Juli<\/option> \n            <option value=\"aug\">August<\/option> \n            <option value=\"sep\">September<\/option>\n            <option value=\"oct\">Oktober<\/option> \n            <option value=\"nov\">November<\/option> \n            <option value=\"dec\">Dezember<\/option> \n            <\/select>\n            Jahr: <select name=\"yr\" style=\"width:60px;\">\n            <option value=\"1996\">1996<\/option>\n            <option value=\"1997\">1997<\/option>\n            <option value=\"1998\">1998<\/option>\n            <option value=\"1999\">1999<\/option>\n            <option value=\"2000\">2000<\/option>\n            <option value=\"2001\">2001<\/option>\n            <option value=\"2002\">2002<\/option>\n            <option value=\"2003\">2003<\/option>\n            <option value=\"2004\">2004<\/option>\n            <option value=\"2005\">2005<\/option>\n            <option value=\"2006\">2006<\/option>\n            <option value=\"2007\">2007<\/option>\n            <option value=\"2008\">2008<\/option>\n            <option value=\"2009\">2009<\/option>\n            <option value=\"2010\">2010<\/option>\n            <option value=\"2011\">2011<\/option>\n            <option value=\"2012\">2012<\/option>\n            <option value=\"2013\">2013<\/option>\n            <option value=\"2014\">2014<\/option>\n            <option value=\"2015\">2015<\/option>\n            <option value=\"2016\">2016<\/option>\n            <option value=\"2017\">2017<\/option>\n            <option value=\"2018\">2018<\/option>\n            <option value=\"2019\">2019<\/option>\n            <option value=\"2020\">2020<\/option>\n            <option value=\"2021\">2021<\/option>\n            <option value=\"2022\">2022<\/option>\n            <option value=\"2023\">2023<\/option>\n            <option value=\"2024\">2024<\/option>\n            <option value=\"2025\">2025<\/option>\n            <option value=\"2026\" selected=\"selected\">2026<\/option>\n            <option value=\"2027\">2027<\/option>\n            <option value=\"2028\">2028<\/option>\n            <option value=\"2029\">2029<\/option>\n            <option value=\"2030\">2030<\/option>\n            <option value=\"2031\">2031<\/option>\n            <option value=\"2032\">2032<\/option>\n            <option value=\"2033\">2033<\/option>\n            <option value=\"2034\">2034<\/option>\n            <option value=\"2035\">2035<\/option>\n            <option value=\"2036\">2036<\/option>\n            <option value=\"2037\">2037<\/option>\n            <option value=\"2038\">2038<\/option>\n            <option value=\"2039\">2039<\/option>\n            <option value=\"2040\">2040<\/option>\n            <option value=\"2041\">2041<\/option>\n            <option value=\"2042\">2042<\/option>\n            <option value=\"2043\">2043<\/option>\n            <option value=\"2044\">2044<\/option>\n            <option value=\"2045\">2045<\/option>\n            <option value=\"2046\">2046<\/option>\n            <option value=\"2047\">2047<\/option>\n            <option value=\"2048\">2048<\/option>\n            <option value=\"2049\">2049<\/option>\n            <option value=\"2050\">2050<\/option>\n            <option value=\"2051\">2051<\/option>\n            <option value=\"2052\">2052<\/option>\n            <option value=\"2053\">2053<\/option>\n            <option value=\"2054\">2054<\/option>\n            <option value=\"2055\">2055<\/option>\n<\/select>\n            <input type=\"submit\" value=\"Anzeigen\" \/>\n            <\/form>\n        <\/td>\n<\/tr>\n<tr>\n                <td colspan=\"7\" class=\"calendar-heading\">\n                    <table border=\"0\" cellpadding=\"0\" cellspacing=\"0\" width=\"100%\">\n                    <tr>\n                    <td class=\"calendar-prev\"><a href=\"https:\/\/www.weldergoven.de\/?page_id=17&month=mar&amp;yr=2026\">&laquo; Zur\u00fcck<\/a><\/td>\n                    <td class=\"calendar-month\">April 2026<\/td>\n                    <td class=\"calendar-next\"><a href=\"https:\/\/www.weldergoven.de\/?page_id=17&month=may&amp;yr=2026\">Weiter &raquo;<\/a><\/td>\n                    <\/tr>\n                    <\/table>\n                <\/td>\n<\/tr>\n<tr>\n        <td class=\"normal-day-heading\">Montag<\/td>\n        <td class=\"normal-day-heading\">Dienstag<\/td>\n        <td class=\"normal-day-heading\">Mittwoch<\/td>\n        <td class=\"normal-day-heading\">Donnerstag<\/td>\n        <td class=\"normal-day-heading\">Freitag<\/td>\n        <td class=\"weekend-heading\">Samstag<\/td>\n        <td class=\"weekend-heading\">Sonntag<\/td>\n<\/tr>\n<tr>\n        <td class=\"day-without-date\">&nbsp;<\/td>\n        <td class=\"day-without-date\">&nbsp;<\/td>\n        <td class=\"day-with-date no-events\"><span >1<\/span><span class=\"event\"><br \/><\/span><\/td>\n        <td class=\"day-with-date no-events\"><span >2<\/span><span class=\"event\"><br \/><\/span><\/td>\n        <td class=\"day-with-date no-events\"><span >3<\/span><span class=\"event\"><br \/><\/span><\/td>\n        <td class=\"day-with-date no-events\"><span class=\"weekend\">4<\/span><span class=\"event\"><br \/><\/span><\/td>\n        <td class=\"day-with-date no-events\"><span class=\"weekend\">5<\/span><span class=\"event\"><br \/><\/span><\/td>\n<\/tr>\n<tr>\n        <td class=\"day-with-date no-events\"><span >6<\/span><span class=\"event\"><br \/><\/span><\/td>\n        <td class=\"day-with-date no-events\"><span >7<\/span><span class=\"event\"><br \/><\/span><\/td>\n        <td class=\"day-with-date no-events\"><span >8<\/span><span class=\"event\"><br \/><\/span><\/td>\n        <td class=\"day-with-date no-events\"><span >9<\/span><span class=\"event\"><br \/><\/span><\/td>\n        <td class=\"day-with-date no-events\"><span >10<\/span><span class=\"event\"><br \/><\/span><\/td>\n        <td class=\"day-with-date no-events\"><span class=\"weekend\">11<\/span><span class=\"event\"><br \/><\/span><\/td>\n        <td class=\"day-with-date no-events\"><span class=\"weekend\">12<\/span><span class=\"event\"><br \/><\/span><\/td>\n<\/tr>\n<tr>\n        <td class=\"day-with-date no-events\"><span >13<\/span><span class=\"event\"><br \/><\/span><\/td>\n        <td class=\"day-with-date no-events\"><span >14<\/span><span class=\"event\"><br \/><\/span><\/td>\n        <td class=\"day-with-date no-events\"><span >15<\/span><span class=\"event\"><br \/><\/span><\/td>\n        <td class=\"day-with-date no-events\"><span >16<\/span><span class=\"event\"><br \/><\/span><\/td>\n        <td class=\"day-with-date\"><span >17<\/span><span class=\"event\"><br \/>* <span class=\"calnk\"><a href=\"https:\/\/www.weldergoven.de\/?p=4542\" >Jahreshauptversammlung<span ><span class=\"event-title\" >Jahreshauptversammlung<\/span><br \/>\n<span class=\"event-title-break\"><\/span><br \/><strong>Zeit:<\/strong> 19:00<br \/><span class=\"event-content-break\"><\/span><br \/>in der Scheune<\/span><\/a><\/span><br \/><\/span><\/td>\n        <td class=\"day-with-date no-events\"><span class=\"weekend\">18<\/span><span class=\"event\"><br \/><\/span><\/td>\n        <td class=\"day-with-date no-events\"><span class=\"weekend\">19<\/span><span class=\"event\"><br \/><\/span><\/td>\n<\/tr>\n<tr>\n        <td class=\"current-day no-events\"><span >20<\/span><span class=\"event\"><br \/><\/span><\/td>\n        <td class=\"day-with-date no-events\"><span >21<\/span><span class=\"event\"><br \/><\/span><\/td>\n        <td class=\"day-with-date no-events\"><span >22<\/span><span class=\"event\"><br \/><\/span><\/td>\n        <td class=\"day-with-date no-events\"><span >23<\/span><span class=\"event\"><br \/><\/span><\/td>\n        <td class=\"day-with-date no-events\"><span >24<\/span><span class=\"event\"><br \/><\/span><\/td>\n        <td class=\"day-with-date no-events\"><span class=\"weekend\">25<\/span><span class=\"event\"><br \/><\/span><\/td>\n        <td class=\"day-with-date no-events\"><span class=\"weekend\">26<\/span><span class=\"event\"><br \/><\/span><\/td>\n<\/tr>\n<tr>\n        <td class=\"day-with-date no-events\"><span >27<\/span><span class=\"event\"><br \/><\/span><\/td>\n        <td class=\"day-with-date no-events\"><span >28<\/span><span class=\"event\"><br \/><\/span><\/td>\n        <td class=\"day-with-date no-events\"><span >29<\/span><span class=\"event\"><br \/><\/span><\/td>\n        <td class=\"day-with-date no-events\"><span >30<\/span><span class=\"event\"><br \/><\/span><\/td>\n        <td class=\"day-without-date\">&nbsp;<\/td>\n        <td class=\"day-without-date\">&nbsp;<\/td>\n        <td class=\"day-without-date\">&nbsp;<\/td>\n<\/tr>\n<\/table>\n<div class=\"kjo-link\" style=\"visibility:visible !important;display:block !important;\"><p>Kalender entwickelt und betreut von <a href=\"http:\/\/www.kieranoshea.com\">Kieran O'Shea<\/a><\/p><\/div>\n<\/p>\n<h5>\u00dcberblick 2026<\/h5>\n<p>In 2026 sind folgende Veranstaltungen der IGW geplant.<\/p>\n<p>Weitere Informationen und Ank\u00fcndigungen\/Einladungen zu den Terminen folgen. Es sind noch ein paar weitere Termine in Planung. Sobald die Termine feststehen werden diese im Terminkalendar eingepflegt.<\/p>\n<table style=\"height: 416px;\" border=\"0\">\n<tbody>\n<tr style=\"background-color: #c9d7ef; height: 2em;\">\n<td style=\"width: 211.65px; padding-left: 1em; height: 32px;\" align=\"left\">16. Februar (Montag), 16 Uhr<\/td>\n<td style=\"width: 477.95px; padding-left: 1em; height: 32px;\" align=\"left\">&#8222;After-Zoch&#8220; Party in der Scheune<\/td>\n<\/tr>\n<tr style=\"background-color: #e7edf8; height: 2em;\">\n<td style=\"width: 211.65px; padding-left: 1em; height: 32px;\" align=\"left\">21. M\u00e4rz (Samstag), 10 Uhr<\/td>\n<td style=\"width: 477.95px; padding-left: 1em; height: 32px;\" align=\"left\">&#8222;Hennef schwingt den Besen&#8220; &#8211; Treffpunkt an der Scheune<\/td>\n<\/tr>\n<tr style=\"background-color: #c9d7ef; height: 2em;\">\n<td style=\"width: 211.65px; padding-left: 1em; height: 32px;\" align=\"left\"><strong>17. April (Freitag), 19 Uhr<\/strong><\/td>\n<td style=\"width: 477.95px; padding-left: 1em; height: 32px;\" align=\"left\"><strong>Jahreshauptversammlung in der Scheune<\/strong><\/td>\n<\/tr>\n<tr style=\"background-color: #e7edf8; height: 2em;\">\n<td style=\"width: 211.65px; padding-left: 1em; height: 32px;\" align=\"left\">1. Mai (Freitag)<\/td>\n<td style=\"width: 477.95px; padding-left: 1em; height: 32px;\" align=\"left\">Maiwanderung<\/td>\n<\/tr>\n<tr style=\"background-color: #c9d7ef; height: 2em;\">\n<td style=\"width: 211.65px; padding-left: 1em; height: 32px;\" align=\"left\">x. Mai (in Planung)<\/td>\n<td style=\"width: 477.95px; padding-left: 1em; height: 32px;\" align=\"left\">&#8222;Familienspieltreff&#8220;<\/td>\n<\/tr>\n<tr style=\"background-color: #e7edf8; height: 2em;\">\n<td style=\"width: 211.65px; padding-left: 1em; height: 32px;\" align=\"left\">x. Mai (in Planung)<\/td>\n<td style=\"width: 477.95px; padding-left: 1em; height: 32px;\" align=\"left\">&#8222;Scheunentreff&#8220; (mit Fassbier und Grill)<\/td>\n<\/tr>\n<tr style=\"background-color: #c9d7ef; height: 2em;\">\n<td style=\"width: 211.65px; padding-left: 1em; height: 32px;\" align=\"left\">20. Juni (Samstag)<\/td>\n<td style=\"width: 477.95px; padding-left: 1em; height: 32px;\" align=\"left\">Europalauf (Unterst\u00fctzung &#8211; Getr\u00e4nkestand)<\/td>\n<\/tr>\n<tr style=\"background-color: #e7edf8; height: 2em;\">\n<td style=\"width: 211.65px; padding-left: 1em; height: 32px;\" align=\"left\"><strong>5. Juli (Sonntag)<\/strong><\/td>\n<td style=\"width: 477.95px; padding-left: 1em; height: 32px;\" align=\"left\"><strong>Gassenflohmarkt im Rahmen von Siegtal Pur<\/strong><\/td>\n<\/tr>\n<tr style=\"background-color: #c9d7ef; height: 2em;\">\n<td style=\"width: 211.65px; padding-left: 1em; height: 32px;\" align=\"left\">x.&nbsp; (in Planung)<\/td>\n<td style=\"width: 477.95px; padding-left: 1em; height: 32px;\" align=\"left\">&#8222;Scheunentreff&#8220; (mit Fassbier und Grill)<\/td>\n<\/tr>\n<tr style=\"background-color: #e7edf8; height: 2em;\">\n<td style=\"width: 211.65px; padding-left: 1em; height: 32px;\" align=\"left\"><strong>5. September (Samstag)<\/strong><\/td>\n<td style=\"width: 477.95px; padding-left: 1em; height: 32px;\" align=\"left\"><strong>Scheunenfest<\/strong><\/td>\n<\/tr>\n<tr style=\"background-color: #c9d7ef; height: 2em;\">\n<td style=\"width: 211.65px; padding-left: 1em; height: 32px;\" align=\"left\">x.&nbsp; (in Planung)<\/td>\n<td style=\"width: 477.95px; padding-left: 1em; height: 32px;\" align=\"left\">Herbstwanderung &#8222;Op J\u00f6ck&#8220;<\/td>\n<\/tr>\n<tr style=\"background-color: #e7edf8; height: 2em;\">\n<td style=\"width: 211.65px; padding-left: 1em; height: 32px;\" align=\"left\">6. November (Freitag)<\/td>\n<td style=\"width: 477.95px; padding-left: 1em; height: 32px;\" align=\"left\">Martinszug<\/td>\n<\/tr>\n<tr style=\"background-color: #c9d7ef; height: 2em;\">\n<td style=\"width: 211.65px; padding-left: 1em; height: 32px;\" align=\"left\">5. Dezember (Samstag)<\/td>\n<td style=\"width: 477.95px; padding-left: 1em; height: 32px;\" align=\"left\">Weihnachtsbaumschm\u00fccken<\/td>\n<\/tr>\n<\/tbody>\n<\/table>\n<p><strong>Termine &#8222;Scheunenaktion&#8220; 2026 im \u00dcberblick:<\/strong><br \/>\nDetails folgen<\/p>\n<p><strong>Termine &#8222;Spielebus&#8220; des Jugendamtes in Weldergoven:<\/strong><br \/>\nDer &#8222;Spielebus&#8220; des Jugendamtes Hennef kommt wieder nach Weldergoven auf dem Schulhof der GGS Siegtal, Astrid-Lindgren-Stra\u00dfe 1, jeweils Montags von 16 &#8211; 18 Uhr (hier die Planung f\u00fcr das 1. Halbjahr 2026):<br \/>\n26. Januar<br \/>\n23. Februar<br \/>\n16. M\u00e4rz<br \/>\n20. April<br \/>\n11. Mai<br \/>\n8. Juni<br \/>\n29. Juni<\/p>\n<p>F\u00fcr Kinder ab 6 Jahre. Voranmeldung nicht erforderlich.<br \/>\nDetails siehe auch <a href=\"https:\/\/www.hennef.de\/kinder-und-familie\/kinder-jugend\/jwd\/\" target=\"_blank\" rel=\"noopener\">hier<\/a> auf der Seite der Stadt Hennef.<\/p>\n<p><strong>Weldergoven &#8211; Op J\u00f6ck 2026 im \u00dcberblick:<br \/>\n<\/strong>in Planung f\u00fcr September\/Oktober, Details folgen<\/p>\n","protected":false},"excerpt":{"rendered":"<p>Hinweis: Bitte verfolgt unseren Terminkalendar oder unsere kurzfristigen Ank\u00fcndigungen auch auf Facebook und Instagram (Links unter Social Media im Men\u00fc auf der rechten Seite). Jahreskalender Monat: Januar Februar M\u00e4rz April <a class=\"more-link\" href=\"https:\/\/www.weldergoven.de\/?page_id=17\">Continue Reading &amp;amp;amp;amp;amp;rarr;<\/a><\/p>\n","protected":false},"author":6,"featured_media":0,"parent":0,"menu_order":5,"comment_status":"closed","ping_status":"closed","template":"","meta":{"ngg_post_thumbnail":0,"footnotes":""},"class_list":["post-17","page","type-page","status-publish","hentry"],"_links":{"self":[{"href":"https:\/\/www.weldergoven.de\/index.php?rest_route=\/wp\/v2\/pages\/17","targetHints":{"allow":["GET"]}}],"collection":[{"href":"https:\/\/www.weldergoven.de\/index.php?rest_route=\/wp\/v2\/pages"}],"about":[{"href":"https:\/\/www.weldergoven.de\/index.php?rest_route=\/wp\/v2\/types\/page"}],"author":[{"embeddable":true,"href":"https:\/\/www.weldergoven.de\/index.php?rest_route=\/wp\/v2\/users\/6"}],"replies":[{"embeddable":true,"href":"https:\/\/www.weldergoven.de\/index.php?rest_route=%2Fwp%2Fv2%2Fcomments&post=17"}],"version-history":[{"count":315,"href":"https:\/\/www.weldergoven.de\/index.php?rest_route=\/wp\/v2\/pages\/17\/revisions"}],"predecessor-version":[{"id":4528,"href":"https:\/\/www.weldergoven.de\/index.php?rest_route=\/wp\/v2\/pages\/17\/revisions\/4528"}],"wp:attachment":[{"href":"https:\/\/www.weldergoven.de\/index.php?rest_route=%2Fwp%2Fv2%2Fmedia&parent=17"}],"curies":[{"name":"wp","href":"https:\/\/api.w.org\/{rel}","templated":true}]}}