{"id":15,"date":"2009-11-29T13:01:07","date_gmt":"2009-11-29T12:01:07","guid":{"rendered":"http:\/\/www.weldergoven.de\/wordpress\/?page_id=15"},"modified":"2010-02-15T19:05:45","modified_gmt":"2010-02-15T18:05:45","slug":"igw-e-v","status":"publish","type":"page","link":"https:\/\/www.weldergoven.de\/?page_id=15","title":{"rendered":"IGW e.V."},"content":{"rendered":"<h5>Die Gr\u00fcndung<\/h5>\n<p>Am 1. Februar 1971 haben sich 38 Weldergovener in der Gastst\u00e4tte &#8222;Zur Sieg&#8220;\u00a0 zusammengesetzt und die Interessengemeinschaft Weldergoven gegr\u00fcndet um die Interessen der Dorfs gemeinschaftlich in die Hand zu nehmen und gegen\u00fcber der Gemeinde Hennef zu vertreten. Als Folge des Landesgesetz zur Kommunalen Neugliederung von 1969 wurde Hennef um die Gemeinden Lauthausen und Uckerath erweitert, was dann nat\u00fcrlich zwangsl\u00e4ufig zu einer Verschiebung der Gewichtung in diesem Bereich f\u00fchrte. Die Belange eines kleinen Dorfs, wie Weldergoven bedurften dringend einer \u00f6rtlichen Vertretung, die dann durch die Gr\u00fcndung der Interessengemeinschaft Weldergoven erm\u00f6glicht wurde.<\/p>\n<p style=\"text-align: center;\">            \n\t\t<div class=\"ngg-gallery-singlepic-image ngg-center\" style=\"max-width: 360px\">\n\t\t\t    \t<a href=\"https:\/\/www.weldergoven.de\/wp-content\/gallery\/diverses\/igwgruendung1971.gif\"\n\t\t     title=\"Urkunde zur Gr\u00fcndung der IGW 1971\"\n             data-src=\"https:\/\/www.weldergoven.de\/wp-content\/gallery\/diverses\/igwgruendung1971.gif\"\n             data-thumbnail=\"https:\/\/www.weldergoven.de\/wp-content\/gallery\/diverses\/thumbs\/thumbs_igwgruendung1971.gif\"\n             data-image-id=\"228\"\n             data-title=\"igwgruendung1971\"\n             data-description=\"Urkunde zur Gr\u00fcndung der IGW 1971\"\n             target='_self'\n             class=\"ngg-fancybox\" rel=\"68a96ff23512bda720403d11f9527ee5\">\n            <img class=\"ngg-singlepic\"\n             src=\"https:\/\/www.weldergoven.de\/wp-content\/gallery\/diverses\/cache\/igwgruendung1971.gif-nggid03228-ngg0dyn-360x525x100-00f0w010c010r110f110r010t010.gif\"\n             alt=\"igwgruendung1971\"\n             title=\"igwgruendung1971\"\n              width=\"360\"               \/>\n    \t<\/a>\n\t\t      <\/div>\n        <\/p>\n<h6 style=\"text-align: center;\">Gr\u00fcndungsurkunde der IGW von 1971<\/h6>\n<p style=\"text-align: center;\">\n<p>Schon im M\u00e4rz 1971 war die Zahl der Mitglieder in der Interessengemeinschaft Weldergoven auf 61 angewachsen und sie steigerte sich bis 1978 auf 134 bis hin zu ca. 230 Mitglieder im Jahre 2001.<\/p>\n<p>Am 27. September 1974 wurde die Interessengemeinschaft Weldergoven beim Amtsgericht in Siegburg als gemeinn\u00fctziger Verein eingetragen. Die prim\u00e4re Zielsetzung wurde damals wie folgt definiert (gem\u00e4\u00df \u00a72 &#8222;Zweck und Gemeinn\u00fctzigkeit&#8220; der Vereinssatzung):<\/p>\n<p>&#8222;Der Verein verfolgt ausschlie\u00dflich und unmittelbar gemeinn\u00fctzige Zwecke der Heimatpflege&#8230; wie:<\/p>\n<ul>\n<li> Pflege der Dorfgemeinschaft und des Brauchtums<\/li>\n<li> Anlage und Erhaltung von gemeinn\u00fctzigen Einrichtungen<\/li>\n<li> Vertretung der Interessen des Ortes in allen \u00f6ffentlichen Angelegenheiten, insbesondere gegen\u00fcber der Stadt Hennef<\/li>\n<li> Umwelt- und Naturschutz<\/li>\n<\/ul>\n<p>Der Verein ist selbstlos t\u00e4tig. Er verfolgt nicht in erster Linie eigenwirtschaftliche Zwecke.&#8220;<\/p>\n","protected":false},"excerpt":{"rendered":"<p>Die Gr\u00fcndung Am 1. Februar 1971 haben sich 38 Weldergovener in der Gastst\u00e4tte &#8222;Zur Sieg&#8220;\u00a0 zusammengesetzt und die Interessengemeinschaft Weldergoven gegr\u00fcndet um die Interessen der Dorfs gemeinschaftlich in die Hand <a class=\"more-link\" href=\"https:\/\/www.weldergoven.de\/?page_id=15\">Continue Reading &amp;amp;amp;amp;amp;rarr;<\/a><\/p>\n","protected":false},"author":6,"featured_media":0,"parent":0,"menu_order":4,"comment_status":"closed","ping_status":"closed","template":"","meta":{"ngg_post_thumbnail":0,"footnotes":""},"class_list":["post-15","page","type-page","status-publish","hentry"],"_links":{"self":[{"href":"https:\/\/www.weldergoven.de\/index.php?rest_route=\/wp\/v2\/pages\/15","targetHints":{"allow":["GET"]}}],"collection":[{"href":"https:\/\/www.weldergoven.de\/index.php?rest_route=\/wp\/v2\/pages"}],"about":[{"href":"https:\/\/www.weldergoven.de\/index.php?rest_route=\/wp\/v2\/types\/page"}],"author":[{"embeddable":true,"href":"https:\/\/www.weldergoven.de\/index.php?rest_route=\/wp\/v2\/users\/6"}],"replies":[{"embeddable":true,"href":"https:\/\/www.weldergoven.de\/index.php?rest_route=%2Fwp%2Fv2%2Fcomments&post=15"}],"version-history":[{"count":26,"href":"https:\/\/www.weldergoven.de\/index.php?rest_route=\/wp\/v2\/pages\/15\/revisions"}],"predecessor-version":[{"id":815,"href":"https:\/\/www.weldergoven.de\/index.php?rest_route=\/wp\/v2\/pages\/15\/revisions\/815"}],"wp:attachment":[{"href":"https:\/\/www.weldergoven.de\/index.php?rest_route=%2Fwp%2Fv2%2Fmedia&parent=15"}],"curies":[{"name":"wp","href":"https:\/\/api.w.org\/{rel}","templated":true}]}}