{"id":10,"date":"2009-11-29T12:58:45","date_gmt":"2009-11-29T11:58:45","guid":{"rendered":"http:\/\/www.weldergoven.de\/wordpress\/?page_id=10"},"modified":"2015-09-02T17:33:35","modified_gmt":"2015-09-02T16:33:35","slug":"geschichte","status":"publish","type":"page","link":"https:\/\/www.weldergoven.de\/?page_id=10","title":{"rendered":"Geschichte"},"content":{"rendered":"<p>Die Geschichte von Weldergoven und seinen Einwohnern wurde nach langj\u00e4hrigen Recherchen von Helge G\u00f6hring (im Oktober 2001 verstorben), einem Bewohner von Weldergoven und langj\u00e4hrigen Mitglied und sp\u00e4teren Ehrenmitglied der IGW, in dem Buch<\/p>\n<h6 style=\"text-align: center;\"><em>            \n\t\t<div class=\"ngg-gallery-singlepic-image ngg-center\" style=\"max-width: 284px\">\n\t\t\t    \t<a href=\"https:\/\/www.weldergoven.de\/wp-content\/gallery\/geschichte\/goehringbuch_0.jpg\"\n\t\t     title=\"Titelseite\"\n             data-src=\"https:\/\/www.weldergoven.de\/wp-content\/gallery\/geschichte\/goehringbuch_0.jpg\"\n             data-thumbnail=\"https:\/\/www.weldergoven.de\/wp-content\/gallery\/geschichte\/thumbs\/thumbs_goehringbuch_0.jpg\"\n             data-image-id=\"118\"\n             data-title=\"goehringbuch\"\n             data-description=\"Titelseite\"\n             target='_self'\n             class=\"ngg-fancybox\" rel=\"a66396d2f21ad84beea41a59d4487fef\">\n            <img class=\"ngg-singlepic\"\n             src=\"https:\/\/www.weldergoven.de\/wp-content\/gallery\/geschichte\/cache\/goehringbuch_0.jpg-nggid03118-ngg0dyn-284x403x100-00f0w010c010r110f110r010t010.jpg\"\n             alt=\"goehringbuch\"\n             title=\"goehringbuch\"\n              width=\"284\"               \/>\n    \t<\/a>\n\t\t      <\/div>\n        <\/em><em><br \/>\n&#8222;Weldergoven, Historisches &#8211; Volkskundliches&#8220; (ISBN 3-930246-03-01) <\/em><\/h6>\n<p>zusammengetragen und ver\u00f6ffentlicht (mit zahlreiche Fotos, 221 Seiten, 210 mm x 150 mm). Es ist \u00fcber die IGW, die gleichzeitig auch Herausgeber des Buches ist,\u00a0 oder auch direkt \u00fcber Familie G\u00f6hring unter 02242-2152 f\u00fcr \u20ac5,00 erh\u00e4ltlich. Der Verkaufserl\u00f6s geht in jedem Fall in voller H\u00f6he an die IGW.<\/p>\n<p>Die wichtigsten Aspekte werden in stark gek\u00fcrzter Fassung nun auch hier &#8211; auf der Homepage der Interessengemeinschaft Weldergoven e.V. &#8211; ver\u00f6ffentlicht.<\/p>\n<h6 style=\"text-align: center;\">            \n\t\t<div class=\"ngg-gallery-singlepic-image ngg-center\" style=\"max-width: 470px\">\n\t\t\t    \t<a href=\"https:\/\/www.weldergoven.de\/wp-content\/gallery\/diverses\/ansichtskarte1900.gif\"\n\t\t     title=\"Ansichtskarte von 1900\"\n             data-src=\"https:\/\/www.weldergoven.de\/wp-content\/gallery\/diverses\/ansichtskarte1900.gif\"\n             data-thumbnail=\"https:\/\/www.weldergoven.de\/wp-content\/gallery\/diverses\/thumbs\/thumbs_ansichtskarte1900.gif\"\n             data-image-id=\"230\"\n             data-title=\"ansichtskarte1900\"\n             data-description=\"Ansichtskarte von 1900\"\n             target='_self'\n             class=\"ngg-fancybox\" rel=\"deca18175d3bc6328042ac15a6f2b14f\">\n            <img class=\"ngg-singlepic\"\n             src=\"https:\/\/www.weldergoven.de\/wp-content\/gallery\/diverses\/cache\/ansichtskarte1900.gif-nggid03230-ngg0dyn-470x325x100-00f0w010c010r110f110r010t010.gif\"\n             alt=\"ansichtskarte1900\"\n             title=\"ansichtskarte1900\"\n              width=\"470\"               \/>\n    \t<\/a>\n\t\t      <\/div>\n        <br \/>\n1. Ansichtskarte aus Weldergoven um 1900<\/h6>\n","protected":false},"excerpt":{"rendered":"<p>Die Geschichte von Weldergoven und seinen Einwohnern wurde nach langj\u00e4hrigen Recherchen von Helge G\u00f6hring (im Oktober 2001 verstorben), einem Bewohner von Weldergoven und langj\u00e4hrigen Mitglied und sp\u00e4teren Ehrenmitglied der IGW, <a class=\"more-link\" href=\"https:\/\/www.weldergoven.de\/?page_id=10\">Continue Reading &amp;amp;amp;amp;amp;rarr;<\/a><\/p>\n","protected":false},"author":6,"featured_media":0,"parent":0,"menu_order":3,"comment_status":"closed","ping_status":"closed","template":"","meta":{"ngg_post_thumbnail":0,"footnotes":""},"class_list":["post-10","page","type-page","status-publish","hentry"],"_links":{"self":[{"href":"https:\/\/www.weldergoven.de\/index.php?rest_route=\/wp\/v2\/pages\/10","targetHints":{"allow":["GET"]}}],"collection":[{"href":"https:\/\/www.weldergoven.de\/index.php?rest_route=\/wp\/v2\/pages"}],"about":[{"href":"https:\/\/www.weldergoven.de\/index.php?rest_route=\/wp\/v2\/types\/page"}],"author":[{"embeddable":true,"href":"https:\/\/www.weldergoven.de\/index.php?rest_route=\/wp\/v2\/users\/6"}],"replies":[{"embeddable":true,"href":"https:\/\/www.weldergoven.de\/index.php?rest_route=%2Fwp%2Fv2%2Fcomments&post=10"}],"version-history":[{"count":15,"href":"https:\/\/www.weldergoven.de\/index.php?rest_route=\/wp\/v2\/pages\/10\/revisions"}],"predecessor-version":[{"id":314,"href":"https:\/\/www.weldergoven.de\/index.php?rest_route=\/wp\/v2\/pages\/10\/revisions\/314"}],"wp:attachment":[{"href":"https:\/\/www.weldergoven.de\/index.php?rest_route=%2Fwp%2Fv2%2Fmedia&parent=10"}],"curies":[{"name":"wp","href":"https:\/\/api.w.org\/{rel}","templated":true}]}}